{"id":1093,"date":"2020-09-14T21:43:00","date_gmt":"2020-09-14T19:43:00","guid":{"rendered":"https:\/\/www.economicsibiu.ro\/?page_id=1093"},"modified":"2022-05-18T22:07:10","modified_gmt":"2022-05-18T20:07:10","slug":"administrator","status":"publish","type":"page","link":"https:\/\/www.economicsibiu.ro\/?page_id=1093","title":{"rendered":"Administrator"},"content":{"rendered":"\n<p class=\"has-text-align-center\"><strong><em><span class=\"has-inline-color has-vivid-purple-color\">An \u0219colar 2021 &#8211; 2022<\/span><\/em><\/strong><\/p>\n\n\n\n<p>        Elevi care primesc bursele \u00een numerar sunt ruga\u021bi s\u0103 vine la biroul administratorului pentru ridicarea burselor pe semestrul II.<\/p>\n\n\n\n<p>        Elevi claselor terminale sunt ruga\u021bi s\u0103 aduc\u0103 pozele (pozele sa fie format buletin cu autocolant 6 &#8211; buc\u0103\u021bi) pentru diplomele de bacalaureat \u0219i certificate de competen\u021be \u00een perioada <strong><span class=\"has-inline-color has-luminous-vivid-orange-color\"><em>16-20 Mai 20<\/em>22<\/span><\/strong> la parter, birou administrator, \u00een intervalul orar<span class=\"has-inline-color has-vivid-cyan-blue-color\"><strong> 9-14.<\/strong><\/span><\/p>\n\n\n\n<p>        Elevi care primesc bursele \u00een numerar sunt ruga\u021bi s\u0103 se prezinte la biroul administratorului pentru ridicarea burselor pe semestrul I.<\/p>\n\n\n\n<p>        <em><span class=\"has-inline-color has-vivid-cyan-blue-color\">Elevi care primesc bani pentru decontarea navetei sunt ruga\u021bi s\u0103 aduc\u0103 documentele necesare pentru care a trecut p\u00e2n\u0103 \u00een data de <\/span><strong><span class=\"has-inline-color has-vivid-red-color\">5 ale fiec\u0103rei luni <\/span><\/strong><span class=\"has-inline-color has-vivid-cyan-blue-color\">\u0219i tot o data s\u0103 ridice bani pentru decontul navetei \u00een perioada <\/span><span class=\"has-inline-color has-vivid-red-color\"><strong>9 &#8211; 12 ale fiec\u0103rei luni.<\/strong><\/span><\/em><\/p>\n\n\n\n<p class=\"has-text-align-center\"><span class=\"has-inline-color has-vivid-red-color\"><strong><em>An \u0219colar 2020 &#8211; 2021<\/em><\/strong><\/span><\/p>\n\n\n\n<p>Elevi care primesc bursele \u00een numerar sunt ruga\u021bi s\u0103 vine la biroul administratorului pentru ridicarea burselor pe semestrul II.<\/p>\n\n\n\n<p>        Elevi claselor terminale sunt ruga\u021bi s\u0103 aduc\u0103 pozele (pozele sa fie format buletin cu autocolant 6 &#8211; buc\u0103\u021bi) pentru diplomele de bacalaureat \u0219i certificate de competen\u021be \u00een perioada <strong><span class=\"has-inline-color has-luminous-vivid-orange-color\"><em>17-21 Mai 2021<\/em><\/span><\/strong> la parter, birou administrator, \u00een intervalul orar<span class=\"has-inline-color has-vivid-cyan-blue-color\"><strong> 9-14.<\/strong><\/span><\/p>\n\n\n\n<p>Elevi care primesc bursele \u00een numerar sunt ruga\u021bi s\u0103 se prezinte la biroul administratorului pentru ridicarea burselor pe semestrul I.<\/p>\n\n\n\n<p>        <em><span class=\"has-inline-color has-vivid-green-cyan-color\">Elevi care primesc bani pentru decontarea navetei sunt ruga\u021bi s\u0103 aduc\u0103 documentele necesare pentru care a trecut p\u00e2n\u0103 \u00een data de <\/span><strong><span class=\"has-inline-color has-vivid-red-color\">5 ale fiec\u0103rei luni <\/span><\/strong><span class=\"has-inline-color has-vivid-green-cyan-color\">\u0219i tot o data s\u0103 ridice bani pentru decontul navetei \u00een perioada <\/span><span class=\"has-inline-color has-vivid-red-color\"><strong>9 &#8211; 12 ale fiec\u0103rei luni.<\/strong><\/span><\/em><\/p>\n\n\n\n<p class=\"has-text-align-center\"><span class=\"has-inline-color has-vivid-red-color\"><strong><em>An \u0219colar 2019 &#8211; 2020<\/em><\/strong><\/span><\/p>\n\n\n\n<p>Elevi care primesc bursele \u00een numerar sunt ruga\u021bi s\u0103 vine la biroul administratorului pentru ridicarea burselor pe semestrul II.<\/p>\n\n\n\n<p>Elevi claselor terminale sunt ruga\u021bi s\u0103 aduc\u0103 pozele pentru diplomele de bacalaureat \u0219i certificate de competen\u021be \u00een perioada <strong><span class=\"has-inline-color has-luminous-vivid-orange-color\"><em>18-22 Mai 2020<\/em><\/span><\/strong> la parter, birou administrator \u00een intervalul orar<span class=\"has-inline-color has-vivid-cyan-blue-color\"><strong> 9-14.<\/strong><\/span><\/p>\n\n\n\n<p>Elevi care primesc bursele \u00een numerar sunt ruga\u021bi s\u0103 se prezinte la biroul administratorului pentru ridicarea burselor pe semestrul I.<\/p>\n","protected":false},"excerpt":{"rendered":"<p>An \u0219colar 2021 &#8211; 2022 Elevi care primesc bursele \u00een numerar sunt ruga\u021bi s\u0103 vine la biroul administratorului pentru ridicarea &hellip; <\/p>\n","protected":false},"author":1,"featured_media":0,"parent":0,"menu_order":0,"comment_status":"closed","ping_status":"closed","template":"","meta":{"footnotes":""},"class_list":["post-1093","page","type-page","status-publish","hentry"],"_links":{"self":[{"href":"https:\/\/www.economicsibiu.ro\/index.php?rest_route=\/wp\/v2\/pages\/1093","targetHints":{"allow":["GET"]}}],"collection":[{"href":"https:\/\/www.economicsibiu.ro\/index.php?rest_route=\/wp\/v2\/pages"}],"about":[{"href":"https:\/\/www.economicsibiu.ro\/index.php?rest_route=\/wp\/v2\/types\/page"}],"author":[{"embeddable":true,"href":"https:\/\/www.economicsibiu.ro\/index.php?rest_route=\/wp\/v2\/users\/1"}],"replies":[{"embeddable":true,"href":"https:\/\/www.economicsibiu.ro\/index.php?rest_route=%2Fwp%2Fv2%2Fcomments&post=1093"}],"version-history":[{"count":6,"href":"https:\/\/www.economicsibiu.ro\/index.php?rest_route=\/wp\/v2\/pages\/1093\/revisions"}],"predecessor-version":[{"id":1105,"href":"https:\/\/www.economicsibiu.ro\/index.php?rest_route=\/wp\/v2\/pages\/1093\/revisions\/1105"}],"wp:attachment":[{"href":"https:\/\/www.economicsibiu.ro\/index.php?rest_route=%2Fwp%2Fv2%2Fmedia&parent=1093"}],"curies":[{"name":"wp","href":"https:\/\/api.w.org\/{rel}","templated":true}]}}