{"id":1667,"date":"2023-08-25T07:57:10","date_gmt":"2023-08-25T05:57:10","guid":{"rendered":"https:\/\/www.economicsibiu.ro\/?page_id=1667"},"modified":"2023-09-07T08:22:01","modified_gmt":"2023-09-07T06:22:01","slug":"elevi","status":"publish","type":"page","link":"https:\/\/www.economicsibiu.ro\/?page_id=1667","title":{"rendered":"Elevi"},"content":{"rendered":"\n<p class=\"has-text-align-center\"><mark style=\"background-color:rgba(0, 0, 0, 0)\" class=\"has-inline-color has-vivid-red-color\">An \u0219colar 2023 &#8211; 2024<\/mark><\/p>\n\n\n\n<div class=\"wp-block-file\"><a id=\"wp-block-file--media-35c3ee62-bf3c-4498-9c74-19ae9dde7129\" href=\"https:\/\/www.economicsibiu.ro\/wp-content\/uploads\/2023\/08\/Clasa-a-IX-a-intensiv-engleza-an-scolar-2023-2024-2.pdf\">Clasa a IX-a intensiv englez\u0103 an \u0219colar 2023 &#8211; 2024<\/a><a href=\"https:\/\/www.economicsibiu.ro\/wp-content\/uploads\/2023\/08\/Clasa-a-IX-a-intensiv-engleza-an-scolar-2023-2024-2.pdf\" class=\"wp-block-file__button wp-element-button\" download aria-describedby=\"wp-block-file--media-35c3ee62-bf3c-4498-9c74-19ae9dde7129\">Descarc\u0103<\/a><\/div>\n\n\n\n<p>ART.121<\/p>\n\n\n\n<ul class=\"wp-block-list\">\n<li>Elevii declara\u0163i repeten\u0163i se \u00eenscriu, la cerere, \u00een anul \u015fcolar urm\u0103tor \u00een clasa pe care o repet\u0103, la aceea\u015fi unitate de \u00eenv\u0103\u0163\u0103m\u00e2nt, inclusiv cu dep\u0103\u015firea num\u0103rului maxim de elevi la clas\u0103 prev\u0103zut de lege, sau se pot transfera la o alt\u0103 unitate de \u00eenv\u0103\u0163\u0103m\u00e2nt.<\/li>\n<\/ul>\n\n\n\n<p>Extras ROFUIP &#8211; Ordin 4183\/2022.<\/p>\n\n\n\n<p class=\"has-text-align-center\">ANUN\u021a<\/p>\n\n\n\n<p>        Elevii declara\u021bi repeten\u021bi \u00een anul \u0219colar 2022-2023, se re\u00eenscriu pe baza unei cereri, la\u00a0 secretariatul unit\u0103\u021bii \u0219colare, pentru anul \u0219colar 2023- 2024, \u00een conformitate cu art de mai sus.<\/p>\n\n\n\n<p>Termen: 8 septembrie 2023, ora 10:00 &nbsp;&nbsp;&nbsp;&nbsp;&nbsp;&nbsp;&nbsp;&nbsp;&nbsp;&nbsp;&nbsp;&nbsp;&nbsp;&nbsp;&nbsp;&nbsp;&nbsp;&nbsp;&nbsp;&nbsp;&nbsp;&nbsp;&nbsp;&nbsp;&nbsp;&nbsp;&nbsp;&nbsp;&nbsp;&nbsp;&nbsp;&nbsp;&nbsp;&nbsp;&nbsp;&nbsp;&nbsp;&nbsp;&nbsp;&nbsp;&nbsp;&nbsp;&nbsp;&nbsp;&nbsp;&nbsp;&nbsp;&nbsp; DIREC\u021aIUNEA<\/p>\n","protected":false},"excerpt":{"rendered":"<p>An \u0219colar 2023 &#8211; 2024 ART.121 Extras ROFUIP &#8211; Ordin 4183\/2022. ANUN\u021a Elevii declara\u021bi repeten\u021bi \u00een anul \u0219colar 2022-2023, se &hellip; <\/p>\n","protected":false},"author":1,"featured_media":0,"parent":0,"menu_order":0,"comment_status":"closed","ping_status":"closed","template":"","meta":{"footnotes":""},"class_list":["post-1667","page","type-page","status-publish","hentry"],"_links":{"self":[{"href":"https:\/\/www.economicsibiu.ro\/index.php?rest_route=\/wp\/v2\/pages\/1667","targetHints":{"allow":["GET"]}}],"collection":[{"href":"https:\/\/www.economicsibiu.ro\/index.php?rest_route=\/wp\/v2\/pages"}],"about":[{"href":"https:\/\/www.economicsibiu.ro\/index.php?rest_route=\/wp\/v2\/types\/page"}],"author":[{"embeddable":true,"href":"https:\/\/www.economicsibiu.ro\/index.php?rest_route=\/wp\/v2\/users\/1"}],"replies":[{"embeddable":true,"href":"https:\/\/www.economicsibiu.ro\/index.php?rest_route=%2Fwp%2Fv2%2Fcomments&post=1667"}],"version-history":[{"count":3,"href":"https:\/\/www.economicsibiu.ro\/index.php?rest_route=\/wp\/v2\/pages\/1667\/revisions"}],"predecessor-version":[{"id":1685,"href":"https:\/\/www.economicsibiu.ro\/index.php?rest_route=\/wp\/v2\/pages\/1667\/revisions\/1685"}],"wp:attachment":[{"href":"https:\/\/www.economicsibiu.ro\/index.php?rest_route=%2Fwp%2Fv2%2Fmedia&parent=1667"}],"curies":[{"name":"wp","href":"https:\/\/api.w.org\/{rel}","templated":true}]}}