{"id":179,"date":"2020-06-03T22:19:30","date_gmt":"2020-06-03T20:19:30","guid":{"rendered":"https:\/\/www.economicsibiu.ro\/?page_id=179"},"modified":"2020-06-04T08:56:20","modified_gmt":"2020-06-04T06:56:20","slug":"nivel-4","status":"publish","type":"page","link":"https:\/\/www.economicsibiu.ro\/?page_id=179","title":{"rendered":"Nivel 4"},"content":{"rendered":"\n<p>Rezultate examenului de certificare a calific\u0103rii absolven\u021bilor \u00eenv\u0103\u021b\u0103m\u00e2ntului liceal, filiera tehnologic\u0103 &#8211; Nivel 4 <a href=\"https:\/\/www.economicsibiu.ro\/wp-content\/uploads\/2020\/06\/Rezultate-atestat-nivel-4-2020.pdf\" target=\"_blank\" rel=\"noreferrer noopener\">aici<\/a><\/p>\n","protected":false},"excerpt":{"rendered":"<p>Rezultate examenului de certificare a calific\u0103rii absolven\u021bilor \u00eenv\u0103\u021b\u0103m\u00e2ntului liceal, filiera tehnologic\u0103 &#8211; Nivel 4 aici<\/p>\n","protected":false},"author":1,"featured_media":0,"parent":0,"menu_order":0,"comment_status":"closed","ping_status":"closed","template":"","meta":{"footnotes":""},"class_list":["post-179","page","type-page","status-publish","hentry"],"_links":{"self":[{"href":"https:\/\/www.economicsibiu.ro\/index.php?rest_route=\/wp\/v2\/pages\/179","targetHints":{"allow":["GET"]}}],"collection":[{"href":"https:\/\/www.economicsibiu.ro\/index.php?rest_route=\/wp\/v2\/pages"}],"about":[{"href":"https:\/\/www.economicsibiu.ro\/index.php?rest_route=\/wp\/v2\/types\/page"}],"author":[{"embeddable":true,"href":"https:\/\/www.economicsibiu.ro\/index.php?rest_route=\/wp\/v2\/users\/1"}],"replies":[{"embeddable":true,"href":"https:\/\/www.economicsibiu.ro\/index.php?rest_route=%2Fwp%2Fv2%2Fcomments&post=179"}],"version-history":[{"count":3,"href":"https:\/\/www.economicsibiu.ro\/index.php?rest_route=\/wp\/v2\/pages\/179\/revisions"}],"predecessor-version":[{"id":188,"href":"https:\/\/www.economicsibiu.ro\/index.php?rest_route=\/wp\/v2\/pages\/179\/revisions\/188"}],"wp:attachment":[{"href":"https:\/\/www.economicsibiu.ro\/index.php?rest_route=%2Fwp%2Fv2%2Fmedia&parent=179"}],"curies":[{"name":"wp","href":"https:\/\/api.w.org\/{rel}","templated":true}]}}