{"id":189,"date":"2020-06-11T11:41:47","date_gmt":"2020-06-11T09:41:47","guid":{"rendered":"https:\/\/www.economicsibiu.ro\/?page_id=189"},"modified":"2022-12-11T13:39:45","modified_gmt":"2022-12-11T11:39:45","slug":"oferta-educationala","status":"publish","type":"page","link":"https:\/\/www.economicsibiu.ro\/?page_id=189","title":{"rendered":"Ofert\u0103 educa\u021bional\u0103"},"content":{"rendered":"\n<ul class=\"wp-block-list\">\n<li>Certificai de competen\u0163e profesionale &nbsp;&#8211; Nivel 4 &#8211; pentru calific\u0103rile profesionale de liceu;<\/li>\n<\/ul>\n\n\n\n<p>&nbsp;&nbsp;&nbsp;&nbsp;&nbsp;&nbsp;&nbsp;&nbsp;&nbsp;&nbsp;&nbsp;&nbsp;&nbsp;&nbsp;&nbsp;&nbsp;&nbsp;&nbsp;&nbsp;&nbsp;&nbsp;&nbsp;&nbsp;&nbsp;&nbsp;&nbsp;&nbsp;&nbsp;&nbsp;&nbsp;&nbsp;&nbsp;&nbsp;&nbsp;&nbsp;&nbsp;&nbsp;&nbsp;&nbsp;&nbsp;&nbsp;&nbsp;&nbsp;&nbsp;&nbsp;&nbsp;&nbsp;&nbsp;&nbsp;&nbsp;&nbsp;&nbsp;&nbsp;&nbsp;&nbsp;&nbsp;&nbsp;&nbsp;&nbsp; &nbsp; &#8211; Nivel 3 &#8211; pentru calific\u0103rile profesionale oferite prin \u00eenv\u0103\u0163\u0103m\u00e2ntul profesional de stat \u25a0 dual:<\/p>\n\n\n\n<ul class=\"wp-block-list\">\n<li>Posibilitatea ob\u0163inerii permisului E.C.D.L cu recunoa\u0219tere interna\u021bional\u0103:<\/li>\n\n\n\n<li>Certificate de participare la proiecte \u015fi parteneriate Na\u0163ionale si Interna\u0163ionale;<\/li>\n\n\n\n<li>Efectuarea practicii la agen\u0163ii economici aprecia\u0163i \u00een comunitatea local\u0103, pe plan na\u0163ional \u015fi interna\u0163ional;<\/li>\n\n\n\n<li>Burse profesionale oferite de stat \u0219i\/sau de c\u0103tre partenerii de practic\u0103;<\/li>\n\n\n\n<li>Sus\u0163inerea atestatului de limb\u0103 englez\u0103 pentru absolven\u0163ii clasei de intensiv englez\u0103;<\/li>\n\n\n\n<li>Participarea la diferite activit\u0103\u021bi extra\u015fcolare: concursuri, t\u00e2rguri ale firmelor de exerci\u0163iu, excursii \u00een \u0163ar\u0103 \u015ft str\u0103in\u0103tate, campionate sportive;<\/li>\n<\/ul>\n\n\n\n<p><\/p>\n","protected":false},"excerpt":{"rendered":"<p>&nbsp;&nbsp;&nbsp;&nbsp;&nbsp;&nbsp;&nbsp;&nbsp;&nbsp;&nbsp;&nbsp;&nbsp;&nbsp;&nbsp;&nbsp;&nbsp;&nbsp;&nbsp;&nbsp;&nbsp;&nbsp;&nbsp;&nbsp;&nbsp;&nbsp;&nbsp;&nbsp;&nbsp;&nbsp;&nbsp;&nbsp;&nbsp;&nbsp;&nbsp;&nbsp;&nbsp;&nbsp;&nbsp;&nbsp;&nbsp;&nbsp;&nbsp;&nbsp;&nbsp;&nbsp;&nbsp;&nbsp;&nbsp;&nbsp;&nbsp;&nbsp;&nbsp;&nbsp;&nbsp;&nbsp;&nbsp;&nbsp;&nbsp;&nbsp; &nbsp; &#8211; Nivel 3 &#8211; pentru calific\u0103rile profesionale oferite prin \u00eenv\u0103\u0163\u0103m\u00e2ntul profesional de stat \u25a0 dual:<\/p>\n","protected":false},"author":1,"featured_media":0,"parent":0,"menu_order":0,"comment_status":"closed","ping_status":"closed","template":"template-home.php","meta":{"footnotes":""},"class_list":["post-189","page","type-page","status-publish","hentry"],"_links":{"self":[{"href":"https:\/\/www.economicsibiu.ro\/index.php?rest_route=\/wp\/v2\/pages\/189","targetHints":{"allow":["GET"]}}],"collection":[{"href":"https:\/\/www.economicsibiu.ro\/index.php?rest_route=\/wp\/v2\/pages"}],"about":[{"href":"https:\/\/www.economicsibiu.ro\/index.php?rest_route=\/wp\/v2\/types\/page"}],"author":[{"embeddable":true,"href":"https:\/\/www.economicsibiu.ro\/index.php?rest_route=\/wp\/v2\/users\/1"}],"replies":[{"embeddable":true,"href":"https:\/\/www.economicsibiu.ro\/index.php?rest_route=%2Fwp%2Fv2%2Fcomments&post=189"}],"version-history":[{"count":6,"href":"https:\/\/www.economicsibiu.ro\/index.php?rest_route=\/wp\/v2\/pages\/189\/revisions"}],"predecessor-version":[{"id":1543,"href":"https:\/\/www.economicsibiu.ro\/index.php?rest_route=\/wp\/v2\/pages\/189\/revisions\/1543"}],"wp:attachment":[{"href":"https:\/\/www.economicsibiu.ro\/index.php?rest_route=%2Fwp%2Fv2%2Fmedia&parent=189"}],"curies":[{"name":"wp","href":"https:\/\/api.w.org\/{rel}","templated":true}]}}