{"id":2038,"date":"2024-02-05T21:52:52","date_gmt":"2024-02-05T19:52:52","guid":{"rendered":"https:\/\/www.economicsibiu.ro\/?page_id=2038"},"modified":"2026-03-13T18:04:41","modified_gmt":"2026-03-13T16:04:41","slug":"declaratii-de-interes-profesori","status":"publish","type":"page","link":"https:\/\/www.economicsibiu.ro\/?page_id=2038","title":{"rendered":"Declara\u021bii de interes (profesori)"},"content":{"rendered":"\n<div class=\"wp-block-file\"><a id=\"wp-block-file--media-e7c175d0-d302-4fbf-917e-5ff2211ccbb7\" href=\"https:\/\/www.economicsibiu.ro\/wp-content\/uploads\/2026\/03\/ORDIN-nr-3051-2024.pdf\">ORDIN nr 3051 2024<\/a><\/div>\n\n\n\n<div class=\"wp-block-file\"><a id=\"wp-block-file--media-2148b379-8a5b-4aed-b168-a80044bba288\" href=\"https:\/\/www.economicsibiu.ro\/wp-content\/uploads\/2026\/03\/anexa-model.pdf\">anexa model<\/a><\/div>\n\n\n\n<div class=\"wp-block-file\"><a id=\"wp-block-file--media-0397d8c5-a0ac-4e41-a70d-2037bfd5f7b9\" href=\"https:\/\/www.economicsibiu.ro\/wp-content\/uploads\/2026\/03\/AIOANE-ADELINA.pdf\">AIOANE ADELINA<\/a><\/div>\n\n\n\n<div class=\"wp-block-file\"><a id=\"wp-block-file--media-7ad23cef-d85b-4c0b-896b-c479f4bca280\" href=\"https:\/\/www.economicsibiu.ro\/wp-content\/uploads\/2026\/03\/BAICU-BOGDAN.pdf\">BAICU BOGDAN<\/a><\/div>\n\n\n\n<div class=\"wp-block-file\"><a id=\"wp-block-file--media-c98fe472-0e3d-4fd9-acf7-6c36671db1f7\" href=\"https:\/\/www.economicsibiu.ro\/wp-content\/uploads\/2026\/03\/BACILA-LIVIA.pdf\">B\u0102CIL\u0102 LIVIA<\/a><\/div>\n\n\n\n<div class=\"wp-block-file\"><a id=\"wp-block-file--media-15e8bf18-5ce2-4c6e-bb6f-e2104255fc35\" href=\"https:\/\/www.economicsibiu.ro\/wp-content\/uploads\/2026\/03\/BADEA-CLAUDIA-SORINELA.pdf\">B\u0102DEA CLAUDIA SORINELA<\/a><\/div>\n\n\n\n<div class=\"wp-block-file\"><a id=\"wp-block-file--media-2c7e8456-7fde-4dd8-9c70-1e51e214bf8c\" href=\"https:\/\/www.economicsibiu.ro\/wp-content\/uploads\/2026\/03\/BADILA-IULIANA-VASILICA.pdf\">B\u0102DIL\u0102 IULIANA VASILICA<\/a><\/div>\n\n\n\n<div class=\"wp-block-file\"><a id=\"wp-block-file--media-8b471e62-16fb-42f1-821d-a54261f6c912\" href=\"https:\/\/www.economicsibiu.ro\/wp-content\/uploads\/2026\/03\/BIRZA-MARIA-MINODORA.pdf\">B\u00ceRZ\u0102 MARIA &#8211; MINODORA<\/a><\/div>\n\n\n\n<div class=\"wp-block-file\"><a id=\"wp-block-file--media-9ec1d5d0-12a3-45be-8286-e78af2f4835a\" href=\"https:\/\/www.economicsibiu.ro\/wp-content\/uploads\/2026\/03\/BUCSA-FLORIN-IOAN.pdf\">BUC\u015e\u0102 FLORIN &#8211; IOAN<\/a><\/div>\n\n\n\n<div class=\"wp-block-file\"><a id=\"wp-block-file--media-7fd8e74f-7e36-46f1-b44a-63093a27ba0d\" href=\"https:\/\/www.economicsibiu.ro\/wp-content\/uploads\/2026\/03\/CAPALNEAN-NICOLETA-IULIA.pdf\">C\u0102P\u00c2LNEAN NICOLETA &#8211; IULIA<\/a><\/div>\n\n\n\n<div class=\"wp-block-file\"><a id=\"wp-block-file--media-a675e183-6a58-48fd-b8e2-d99df53d64e9\" href=\"https:\/\/www.economicsibiu.ro\/wp-content\/uploads\/2026\/03\/COMAN-DORINA-MARIA.pdf\">COMAN DORINA &#8211; MARIA<\/a><\/div>\n\n\n\n<div class=\"wp-block-file\"><a id=\"wp-block-file--media-f3a78fee-379f-4b8f-86f1-eb66bf1d4896\" href=\"https:\/\/www.economicsibiu.ro\/wp-content\/uploads\/2026\/03\/COMAN-TEODORA-IOANA.pdf\">COMAN TEODORA &#8211; IOANA<\/a><\/div>\n\n\n\n<div class=\"wp-block-file\"><a id=\"wp-block-file--media-5e9b7282-dc27-4a5a-b191-4616447c6448\" href=\"https:\/\/www.economicsibiu.ro\/wp-content\/uploads\/2026\/03\/CONSTANTINESCU-SIMINA.pdf\">CONSTANTINESCU SIMINA<\/a><\/div>\n\n\n\n<div class=\"wp-block-file\"><a id=\"wp-block-file--media-73543c37-31b3-4af9-8d3a-887d39a4d7ad\" href=\"https:\/\/www.economicsibiu.ro\/wp-content\/uploads\/2026\/03\/CRISTEA-ELISABETA.pdf\">CRISTEA ELISABETA<\/a><\/div>\n\n\n\n<div class=\"wp-block-file\"><a id=\"wp-block-file--media-a26a3697-5f54-4e0e-9de6-ac177ab55ac9\" href=\"https:\/\/www.economicsibiu.ro\/wp-content\/uploads\/2026\/03\/CRUCEAT-LAURA.pdf\">CRUCEAT LAURA<\/a><\/div>\n\n\n\n<div class=\"wp-block-file\"><a id=\"wp-block-file--media-7fde631e-da05-4b44-994e-d0997d2baa73\" href=\"https:\/\/www.economicsibiu.ro\/wp-content\/uploads\/2026\/03\/DAVID-CRISTINA-DANIELA.pdf\">DAVID CRISTINA DANIELA<\/a><\/div>\n\n\n\n<div class=\"wp-block-file\"><a id=\"wp-block-file--media-4585c2d4-deba-43ab-881d-a69e251b3904\" href=\"https:\/\/www.economicsibiu.ro\/wp-content\/uploads\/2026\/03\/DINCA-RODICA-MIHAELA.pdf\">DINC\u0102 RODICA-MIHAELA<\/a><\/div>\n\n\n\n<div class=\"wp-block-file\"><a id=\"wp-block-file--media-6c6a7ef6-ee2f-402a-9747-c8a97eeb5c16\" href=\"https:\/\/www.economicsibiu.ro\/wp-content\/uploads\/2026\/03\/DOBRIN-ANTONELA-CORNELIA-CORINA.pdf\">DOBRIN ANTONELA CORNELIA CORINA<\/a><\/div>\n\n\n\n<div class=\"wp-block-file\"><a id=\"wp-block-file--media-5c173b9e-6307-456c-a824-b6d7e1241492\" href=\"https:\/\/www.economicsibiu.ro\/wp-content\/uploads\/2026\/03\/DRAGOMIR-IONELA-LIANA.pdf\">DRAGOMIR IONELA LIANA<\/a><\/div>\n\n\n\n<div class=\"wp-block-file\"><a id=\"wp-block-file--media-f80d09e6-cc63-44cd-a877-8b9ae9c0a8d4\" href=\"https:\/\/www.economicsibiu.ro\/wp-content\/uploads\/2026\/03\/EL-WAGIE-POPESCU-MARIA-IULIA.pdf\">EL-WAGIE-POPESCU MARIA &#8211; IULIA<\/a><\/div>\n\n\n\n<div class=\"wp-block-file\"><a id=\"wp-block-file--media-2e338c6e-b312-4244-af51-5c46881f6ce0\" href=\"https:\/\/www.economicsibiu.ro\/wp-content\/uploads\/2026\/03\/FURDUI-MIRCEA.pdf\">FURDUI MIRCEA<\/a><\/div>\n\n\n\n<div class=\"wp-block-file\"><a id=\"wp-block-file--media-9351b5c5-1289-4c98-b87b-133a01ec9622\" href=\"https:\/\/www.economicsibiu.ro\/wp-content\/uploads\/2026\/03\/GAURA-MARIA.pdf\">GAUR\u0102 MARIA<\/a><\/div>\n\n\n\n<div class=\"wp-block-file\"><a id=\"wp-block-file--media-ed0d52c1-6494-4bde-b671-c19774e4c82b\" href=\"https:\/\/www.economicsibiu.ro\/wp-content\/uploads\/2026\/03\/GHISE-MONICA-ELENA.pdf\">GHI\u015eE MONICA &#8211; ELENA<\/a><\/div>\n\n\n\n<div class=\"wp-block-file\"><a id=\"wp-block-file--media-e732bcad-d325-43d5-8195-f6195201a3dc\" href=\"https:\/\/www.economicsibiu.ro\/wp-content\/uploads\/2026\/03\/GRUIA-FLORENTINA.pdf\">GRUIA FLORENTINA<\/a><\/div>\n\n\n\n<div class=\"wp-block-file\"><a id=\"wp-block-file--media-d835f938-cc16-4286-be94-eaf3cc2872e9\" href=\"https:\/\/www.economicsibiu.ro\/wp-content\/uploads\/2026\/03\/HALMACIU-CRISTINA-MARIA.pdf\">H\u0102LMACIU CRISTINA &#8211; MARIA<\/a><\/div>\n\n\n\n<div class=\"wp-block-file\"><a id=\"wp-block-file--media-a7838c7a-bd65-4592-a6e9-2b6a6731bdbd\" href=\"https:\/\/www.economicsibiu.ro\/wp-content\/uploads\/2026\/03\/IHORA-ELENA.pdf\">IHORA ELENA<\/a><\/div>\n\n\n\n<div class=\"wp-block-file\"><a id=\"wp-block-file--media-3548ba81-90f6-4cb3-9f40-4fc824a8b615\" href=\"https:\/\/www.economicsibiu.ro\/wp-content\/uploads\/2026\/03\/ILIUT-CLAUDIU-ADRIAN.pdf\">ILIU\u0162 CLAUDIU &#8211; ADRIAN<\/a><\/div>\n\n\n\n<div class=\"wp-block-file\"><a id=\"wp-block-file--media-b47817e9-d1d7-4fe4-b5e5-b60c77d375d8\" href=\"https:\/\/www.economicsibiu.ro\/wp-content\/uploads\/2026\/03\/KALANDAROV-ALEXANDRA-MARIA.pdf\">KALANDAROV ALEXANDRA &#8211; MARIA<\/a><\/div>\n\n\n\n<div class=\"wp-block-file\"><a id=\"wp-block-file--media-1ee40792-5ebc-4ab8-8834-fa6ced09150e\" href=\"https:\/\/www.economicsibiu.ro\/wp-content\/uploads\/2026\/03\/MANUIL-LUPU-MIHAELA.pdf\">MANUIL &#8211; LUPU MIHAELA<\/a><\/div>\n\n\n\n<div class=\"wp-block-file\"><a id=\"wp-block-file--media-2cc1adb0-acc9-4993-afbd-33b7c108763a\" href=\"https:\/\/www.economicsibiu.ro\/wp-content\/uploads\/2026\/03\/MARIA-CORNEL-MIHAI.pdf\">MARIA CORNEL &#8211; MIHAI<\/a><\/div>\n\n\n\n<div class=\"wp-block-file\"><a id=\"wp-block-file--media-6fb93cf5-ccec-4ede-999d-2cae5e8ab0f9\" href=\"https:\/\/www.economicsibiu.ro\/wp-content\/uploads\/2026\/03\/MATIU-IOANA-GABRIELA.pdf\">MATIU IOANA GABRIELA<\/a><\/div>\n\n\n\n<div class=\"wp-block-file\"><a id=\"wp-block-file--media-06921aa1-d744-44c0-9070-ebb6c5a3c34c\" href=\"https:\/\/www.economicsibiu.ro\/wp-content\/uploads\/2026\/03\/MARGINEAN-LUCIAN-CLAUDIU.pdf\">M\u0102RGINEAN LUCIAN &#8211; CLAUDIU<\/a><\/div>\n\n\n\n<div class=\"wp-block-file\"><a id=\"wp-block-file--media-aa070a3b-8080-4a13-9bca-44eefbb94840\" href=\"https:\/\/www.economicsibiu.ro\/wp-content\/uploads\/2026\/03\/MITEA-IOLANDA.pdf\">MITEA IOLANDA<\/a><\/div>\n\n\n\n<div class=\"wp-block-file\"><a id=\"wp-block-file--media-451df6b2-8f83-4050-9fc5-66abcf929ef8\" href=\"https:\/\/www.economicsibiu.ro\/wp-content\/uploads\/2026\/03\/MITEA-MIHAELA-ELENA.pdf\">MITEA MIHAELA ELENA<\/a><\/div>\n\n\n\n<div class=\"wp-block-file\"><a id=\"wp-block-file--media-dbec35db-1340-4749-9eda-e67d4e9d9ac0\" href=\"https:\/\/www.economicsibiu.ro\/wp-content\/uploads\/2026\/03\/MURGOI-ANDREEA-VIOLETA.pdf\">MURGOI ANDREEA &#8211; VIOLETA<\/a><\/div>\n\n\n\n<div class=\"wp-block-file\"><a id=\"wp-block-file--media-8bdf5ae2-d4dd-44e4-8292-b66cabfc6a47\" href=\"https:\/\/www.economicsibiu.ro\/wp-content\/uploads\/2026\/03\/MUSAT-MARIOARA.pdf\">MU\u015eAT MARIOARA<\/a><\/div>\n\n\n\n<div class=\"wp-block-file\"><a id=\"wp-block-file--media-23815df8-98e8-44c1-8a94-285700d315fc\" href=\"https:\/\/www.economicsibiu.ro\/wp-content\/uploads\/2026\/03\/NEGREA-GETA-MARIETA.pdf\">NEGREA GETA MARIETA<\/a><\/div>\n\n\n\n<div class=\"wp-block-file\"><a id=\"wp-block-file--media-db608f9c-062f-4c6e-8e89-2f9b0666f9f5\" href=\"https:\/\/www.economicsibiu.ro\/wp-content\/uploads\/2026\/03\/OLTEAN-LIVIA.pdf\">OLTEAN LIVIA<\/a><\/div>\n\n\n\n<div class=\"wp-block-file\"><a id=\"wp-block-file--media-32dc1760-5766-4bf3-9233-644436b0982e\" href=\"https:\/\/www.economicsibiu.ro\/wp-content\/uploads\/2026\/03\/PASTIU-COSMIN-IOAN.pdf\">PA\u015eTIU COSMIN &#8211; IOAN<\/a><\/div>\n\n\n\n<div class=\"wp-block-file\"><a id=\"wp-block-file--media-0a13d625-c26a-4a3b-a703-53f05850c92a\" href=\"https:\/\/www.economicsibiu.ro\/wp-content\/uploads\/2026\/03\/POP-OCTAVIAN.pdf\">POP OCTAVIAN<\/a><\/div>\n\n\n\n<div class=\"wp-block-file\"><a id=\"wp-block-file--media-cba980bf-bf4a-4f15-b558-0a408004f92d\" href=\"https:\/\/www.economicsibiu.ro\/wp-content\/uploads\/2026\/03\/POPA-ELENA-LUIZA.pdf\">POPA ELENA LUIZA<\/a><\/div>\n\n\n\n<div class=\"wp-block-file\"><a id=\"wp-block-file--media-8218d01c-920e-45c3-a2bf-99f198335bc5\" href=\"https:\/\/www.economicsibiu.ro\/wp-content\/uploads\/2026\/03\/POPA-MARIA.pdf\">POPA MARIA<\/a><\/div>\n\n\n\n<div class=\"wp-block-file\"><a id=\"wp-block-file--media-7cae35fc-cfd2-4a9f-a972-cc454221ef2c\" href=\"https:\/\/www.economicsibiu.ro\/wp-content\/uploads\/2026\/03\/POPESCU-COSMIN-CRISTIAN.pdf\">POPESCU COSMIN &#8211; CRISTIAN<\/a><\/div>\n\n\n\n<div class=\"wp-block-file\"><a id=\"wp-block-file--media-3047814f-b163-482b-ab8f-3bdc914176a7\" href=\"https:\/\/www.economicsibiu.ro\/wp-content\/uploads\/2026\/03\/PRISCA-ANCA-GERALDINA.pdf\">PRI\u015eC\u0102 ANCA GERALDINA<\/a><\/div>\n\n\n\n<div class=\"wp-block-file\"><a id=\"wp-block-file--media-9a191f06-8dac-4225-a271-87ee6ac252c2\" href=\"https:\/\/www.economicsibiu.ro\/wp-content\/uploads\/2026\/03\/PUTUCA-ANDREEA-MARIA.pdf\">PUTUCA ANDREEA MARIA<\/a><\/div>\n\n\n\n<div class=\"wp-block-file\"><a id=\"wp-block-file--media-aae51d10-2543-41aa-9bc5-cd17d1256c52\" href=\"https:\/\/www.economicsibiu.ro\/wp-content\/uploads\/2026\/03\/RADU-LIDIA.pdf\">RADU LIDIA<\/a><\/div>\n\n\n\n<div class=\"wp-block-file\"><a id=\"wp-block-file--media-6b3a7a29-ff64-49e8-87ea-64ab7daada6e\" href=\"https:\/\/www.economicsibiu.ro\/wp-content\/uploads\/2026\/03\/RAULEA-MIHAELA.pdf\">R\u0102ULEA MIHAELA<\/a><\/div>\n\n\n\n<div class=\"wp-block-file\"><a id=\"wp-block-file--media-c425c8e9-8481-48dc-a8f7-c4e03156b525\" href=\"https:\/\/www.economicsibiu.ro\/wp-content\/uploads\/2026\/03\/RICHEA-MARIA-ADRIANA.pdf\">RICHEA MARIA &#8211; ADRIANA<\/a><\/div>\n\n\n\n<div class=\"wp-block-file\"><a id=\"wp-block-file--media-47e2ed6b-be7a-43cf-bfa9-a5876b6c0bba\" href=\"https:\/\/www.economicsibiu.ro\/wp-content\/uploads\/2026\/03\/RIMESCU-FLORI-ELENA.pdf\">R\u00ceMESCU FLORI &#8211; ELENA<\/a><\/div>\n\n\n\n<div class=\"wp-block-file\"><a id=\"wp-block-file--media-0b6da814-f7a2-439e-ad4e-019bbae46317\" href=\"https:\/\/www.economicsibiu.ro\/wp-content\/uploads\/2026\/03\/SABADASU-ISABELLE.pdf\">S\u0102B\u0102DA\u015eU ISABELLE<\/a><\/div>\n\n\n\n<div class=\"wp-block-file\"><a id=\"wp-block-file--media-2bd0f109-31eb-4ee0-a5ae-0c4e4663bc74\" href=\"https:\/\/www.economicsibiu.ro\/wp-content\/uploads\/2026\/03\/SBERA-CLAUDIU-RARES.pdf\">SBERA CLAUDIU &#8211; RARE\u015e<\/a><\/div>\n\n\n\n<div class=\"wp-block-file\"><a id=\"wp-block-file--media-30c9adf7-6e94-4202-8399-81497f7aa8dc\" href=\"https:\/\/www.economicsibiu.ro\/wp-content\/uploads\/2026\/03\/SIMEANU-SILVIANA.pdf\">SIMEANU SILVIANA<\/a><\/div>\n\n\n\n<div class=\"wp-block-file\"><a id=\"wp-block-file--media-aa2bed0e-784a-4503-bfcc-3ca0e79b5ef6\" href=\"https:\/\/www.economicsibiu.ro\/wp-content\/uploads\/2026\/03\/STROE-MONICA.pdf\">STROE MONICA<\/a><\/div>\n\n\n\n<div class=\"wp-block-file\"><a id=\"wp-block-file--media-f7da93d2-1e85-4cac-b392-7acd16953aac\" href=\"https:\/\/www.economicsibiu.ro\/wp-content\/uploads\/2026\/03\/SZEKELY-ENIKO-KRISZTINA.pdf\">SZEKELY ENIKO KRISZTINA<\/a><\/div>\n\n\n\n<div class=\"wp-block-file\"><a id=\"wp-block-file--media-485ef020-4ef0-4447-8c72-85ecc6b0e0e7\" href=\"https:\/\/www.economicsibiu.ro\/wp-content\/uploads\/2026\/03\/TELEABA-DARIA-MARIA.pdf\">TELEAB\u0102 DARIA-MARIA<\/a><\/div>\n\n\n\n<div class=\"wp-block-file\"><a id=\"wp-block-file--media-12ee3ee6-79c4-4b4c-8f03-057074aa45ea\" href=\"https:\/\/www.economicsibiu.ro\/wp-content\/uploads\/2026\/03\/TODEA-ELENA-DENISA.pdf\">TODEA ELENA DENISA<\/a><\/div>\n\n\n\n<div class=\"wp-block-file\"><a id=\"wp-block-file--media-9c69ac28-a6ff-4687-b5b6-d8ada3c60f69\" href=\"https:\/\/www.economicsibiu.ro\/wp-content\/uploads\/2026\/03\/TODOR-CAMELIA-LOREDANA.pdf\">TODOR CAMELIA LOREDANA<\/a><\/div>\n\n\n\n<div class=\"wp-block-file\"><a id=\"wp-block-file--media-875f9838-52a3-49fa-85b1-ba209648bd34\" href=\"https:\/\/www.economicsibiu.ro\/wp-content\/uploads\/2026\/03\/TUDOR-MADALINA.pdf\">TUDOR M\u0102D\u0102LINA<\/a><\/div>\n\n\n\n<div class=\"wp-block-file\"><a id=\"wp-block-file--media-76eb8ab7-19b3-4e41-a5c7-73a7db5b381a\" href=\"https:\/\/www.economicsibiu.ro\/wp-content\/uploads\/2026\/03\/TURCU-CORINA.pdf\">TURCU CORINA<\/a><\/div>\n\n\n\n<div class=\"wp-block-file\"><a id=\"wp-block-file--media-a68f96c8-c2e1-4788-937b-80bea5a2258b\" href=\"https:\/\/www.economicsibiu.ro\/wp-content\/uploads\/2026\/03\/VIDRIGHIN-TEODORA.pdf\">VIDRIGHIN TEODORA<\/a><\/div>\n\n\n\n<div class=\"wp-block-file\"><a id=\"wp-block-file--media-c613249b-ccaa-484e-a87c-aec5e6daf250\" href=\"https:\/\/www.economicsibiu.ro\/wp-content\/uploads\/2026\/03\/VILHELEM-ANA-CRISTINA.pdf\">VILHELEM ANA CRISTINA<\/a><\/div>\n\n\n\n<p><\/p>\n","protected":false},"excerpt":{"rendered":"","protected":false},"author":1,"featured_media":0,"parent":0,"menu_order":0,"comment_status":"closed","ping_status":"closed","template":"template-home.php","meta":{"footnotes":""},"class_list":["post-2038","page","type-page","status-publish","hentry"],"_links":{"self":[{"href":"https:\/\/www.economicsibiu.ro\/index.php?rest_route=\/wp\/v2\/pages\/2038","targetHints":{"allow":["GET"]}}],"collection":[{"href":"https:\/\/www.economicsibiu.ro\/index.php?rest_route=\/wp\/v2\/pages"}],"about":[{"href":"https:\/\/www.economicsibiu.ro\/index.php?rest_route=\/wp\/v2\/types\/page"}],"author":[{"embeddable":true,"href":"https:\/\/www.economicsibiu.ro\/index.php?rest_route=\/wp\/v2\/users\/1"}],"replies":[{"embeddable":true,"href":"https:\/\/www.economicsibiu.ro\/index.php?rest_route=%2Fwp%2Fv2%2Fcomments&post=2038"}],"version-history":[{"count":18,"href":"https:\/\/www.economicsibiu.ro\/index.php?rest_route=\/wp\/v2\/pages\/2038\/revisions"}],"predecessor-version":[{"id":2454,"href":"https:\/\/www.economicsibiu.ro\/index.php?rest_route=\/wp\/v2\/pages\/2038\/revisions\/2454"}],"wp:attachment":[{"href":"https:\/\/www.economicsibiu.ro\/index.php?rest_route=%2Fwp%2Fv2%2Fmedia&parent=2038"}],"curies":[{"name":"wp","href":"https:\/\/api.w.org\/{rel}","templated":true}]}}