{"id":47,"date":"2020-06-02T18:50:48","date_gmt":"2020-06-02T18:50:48","guid":{"rendered":"https:\/\/www.economicsibiu.ro\/?page_id=47"},"modified":"2025-05-27T12:26:25","modified_gmt":"2025-05-27T10:26:25","slug":"bacalaureat-2020","status":"publish","type":"page","link":"https:\/\/www.economicsibiu.ro\/?page_id=47","title":{"rendered":"Bacalaureat 2024 &#8211; 2025"},"content":{"rendered":"\n<p class=\"has-text-align-center\"><strong><mark style=\"background-color:rgba(0, 0, 0, 0)\" class=\"has-inline-color has-vivid-cyan-blue-color\">Bacalaureat 2024 &#8211; 2025<\/mark><\/strong><\/p>\n\n\n\n<p class=\"has-text-align-center\"><strong>PROGRAM \u00ceNSCRIERI BACALAUREAT<\/strong><\/p>\n\n\n\n<p class=\"has-text-align-center\"><strong>SESIUNEA IUNIE-IULIE 2025<\/strong><\/p>\n\n\n\n<p><strong><u>LUNI<\/u><\/strong><strong>&nbsp; 02 iunie 2025 \u00eentre orele 9\u00b0\u00b0 &#8211; 15\u00b3\u00b0<\/strong><\/p>\n\n\n\n<p><strong><u>MAR\u021aI<\/u><\/strong><strong> 03 iunie 2025 \u00eentre orele 9\u00b0\u00b0 &#8211; 18\u00b0\u00b0<\/strong><\/p>\n\n\n\n<p><strong><u>MIERCURI<\/u><\/strong><strong> 04 iunie 2025 \u00eentre orele 9\u00b0\u00b0 &#8211; 15\u00b3\u00b0<\/strong><\/p>\n\n\n\n<p><strong><u>VINERI<\/u><\/strong><strong> 06 iunie 2025 \u00eentre orele 8\u00b0\u00b0 &#8211; 11\u00b0\u00b0<\/strong><\/p>\n\n\n\n<p><strong>Acte necesare la \u00eenscriere:<\/strong><\/p>\n\n\n\n<ul class=\"wp-block-list\">\n<li><strong>Copie xerox carte de identitate;<\/strong><\/li>\n\n\n\n<li><strong>Copie xerox certificat de na\u0219tere;<\/strong><\/li>\n\n\n\n<li><strong>Copie xerox certificat de c\u0103s\u0103torie unde este cazul;<\/strong><\/li>\n\n\n\n<li><strong>2 fotografii pentru diplom\u0103.<\/strong><\/li>\n<\/ul>\n\n\n\n<p><strong><em>Candida\u021bii din promo\u021bii anterioare, care au sus\u021binut \u00een sesiunile anterioare de cel pu\u021bin dou\u0103 ori examenul de bacalaureat \u0219i care se prezint\u0103 la una dintre probele examenului na\u021bional de bacalaureat va achita <mark style=\"background-color:rgba(0, 0, 0, 0)\" class=\"has-inline-color has-vivid-red-color\">suma de 150 lei pentru fiecare proba sus\u021binut\u0103.<\/mark><\/em><\/strong><\/p>\n\n\n\n<p>Repartizare candida\u021bi la simulare Martie 2025<\/p>\n\n\n\n<div data-wp-interactive=\"core\/file\" class=\"wp-block-file\"><object data-wp-bind--hidden=\"!state.hasPdfPreview\" hidden class=\"wp-block-file__embed\" data=\"https:\/\/www.economicsibiu.ro\/wp-content\/uploads\/2025\/03\/Repartizare-candidati-Ea.pdf\" type=\"application\/pdf\" style=\"width:100%;height:600px\" aria-label=\"\u00cenglobare pentru Repartizare-candidati-Ea.\"><\/object><a id=\"wp-block-file--media-69f7fdd1-dcb5-4ad5-99a1-b9d28baa5043\" href=\"https:\/\/www.economicsibiu.ro\/wp-content\/uploads\/2025\/03\/Repartizare-candidati-Ea.pdf\">Repartizare-candidati-Ea<\/a><a href=\"https:\/\/www.economicsibiu.ro\/wp-content\/uploads\/2025\/03\/Repartizare-candidati-Ea.pdf\" class=\"wp-block-file__button wp-element-button\" download aria-describedby=\"wp-block-file--media-69f7fdd1-dcb5-4ad5-99a1-b9d28baa5043\">Descarc\u0103<\/a><\/div>\n\n\n\n<div data-wp-interactive=\"core\/file\" class=\"wp-block-file\"><object data-wp-bind--hidden=\"!state.hasPdfPreview\" hidden class=\"wp-block-file__embed\" data=\"https:\/\/www.economicsibiu.ro\/wp-content\/uploads\/2025\/03\/Repartizare-candidati-Ec.pdf\" type=\"application\/pdf\" style=\"width:100%;height:600px\" aria-label=\"\u00cenglobare pentru Repartizare-candidati-Ec.\"><\/object><a id=\"wp-block-file--media-da4c5bd9-d843-4895-87f4-cd760b9b6eea\" href=\"https:\/\/www.economicsibiu.ro\/wp-content\/uploads\/2025\/03\/Repartizare-candidati-Ec.pdf\">Repartizare-candidati-Ec<\/a><a href=\"https:\/\/www.economicsibiu.ro\/wp-content\/uploads\/2025\/03\/Repartizare-candidati-Ec.pdf\" class=\"wp-block-file__button wp-element-button\" download aria-describedby=\"wp-block-file--media-da4c5bd9-d843-4895-87f4-cd760b9b6eea\">Descarc\u0103<\/a><\/div>\n\n\n\n<div data-wp-interactive=\"core\/file\" class=\"wp-block-file\"><object data-wp-bind--hidden=\"!state.hasPdfPreview\" hidden class=\"wp-block-file__embed\" data=\"https:\/\/www.economicsibiu.ro\/wp-content\/uploads\/2025\/03\/Repartizare-candidati-Ed.pdf\" type=\"application\/pdf\" style=\"width:100%;height:600px\" aria-label=\"\u00cenglobare pentru Repartizare-candidati-Ed.\"><\/object><a id=\"wp-block-file--media-d3dab14d-00f7-4555-95e0-81350176df5c\" href=\"https:\/\/www.economicsibiu.ro\/wp-content\/uploads\/2025\/03\/Repartizare-candidati-Ed.pdf\">Repartizare-candidati-Ed<\/a><a href=\"https:\/\/www.economicsibiu.ro\/wp-content\/uploads\/2025\/03\/Repartizare-candidati-Ed.pdf\" class=\"wp-block-file__button wp-element-button\" download aria-describedby=\"wp-block-file--media-d3dab14d-00f7-4555-95e0-81350176df5c\">Descarc\u0103<\/a><\/div>\n\n\n\n<p><\/p>\n\n\n\n<div class=\"wp-block-file\"><a id=\"wp-block-file--media-1017b9d2-028d-40de-9464-b35ea25ab67f\" href=\"https:\/\/www.economicsibiu.ro\/wp-content\/uploads\/2025\/01\/anunt-probe-2025.pdf\">anunt-probe-2025<\/a><a href=\"https:\/\/www.economicsibiu.ro\/wp-content\/uploads\/2025\/01\/anunt-probe-2025.pdf\" class=\"wp-block-file__button wp-element-button\" download aria-describedby=\"wp-block-file--media-1017b9d2-028d-40de-9464-b35ea25ab67f\">Descarc\u0103<\/a><\/div>\n\n\n\n<div class=\"wp-block-file\"><a id=\"wp-block-file--media-2ed2488a-caa6-42cd-8e33-b73a81f1640a\" href=\"https:\/\/www.economicsibiu.ro\/wp-content\/uploads\/2025\/01\/Proba-A.pdf\">Proba-A<\/a><a href=\"https:\/\/www.economicsibiu.ro\/wp-content\/uploads\/2025\/01\/Proba-A.pdf\" class=\"wp-block-file__button wp-element-button\" download aria-describedby=\"wp-block-file--media-2ed2488a-caa6-42cd-8e33-b73a81f1640a\">Descarc\u0103<\/a><\/div>\n\n\n\n<div class=\"wp-block-file\"><a id=\"wp-block-file--media-ff2ca81f-01c8-4488-b803-ad5cc2e7ae44\" href=\"https:\/\/www.economicsibiu.ro\/wp-content\/uploads\/2025\/01\/Proba-C.pdf\">Proba-C &#8211; oral<\/a><a href=\"https:\/\/www.economicsibiu.ro\/wp-content\/uploads\/2025\/01\/Proba-C.pdf\" class=\"wp-block-file__button wp-element-button\" download aria-describedby=\"wp-block-file--media-ff2ca81f-01c8-4488-b803-ad5cc2e7ae44\">Descarc\u0103<\/a><\/div>\n\n\n\n<div class=\"wp-block-file\"><a id=\"wp-block-file--media-8fc160a7-729b-4dea-a67d-6b10b7014a23\" href=\"https:\/\/www.economicsibiu.ro\/wp-content\/uploads\/2025\/01\/Proba-D.pdf\">Proba-D<\/a><a href=\"https:\/\/www.economicsibiu.ro\/wp-content\/uploads\/2025\/01\/Proba-D.pdf\" class=\"wp-block-file__button wp-element-button\" download aria-describedby=\"wp-block-file--media-8fc160a7-729b-4dea-a67d-6b10b7014a23\">Descarc\u0103<\/a><\/div>\n\n\n\n<div class=\"wp-block-file\"><a id=\"wp-block-file--media-69e38988-d8de-4779-8d7c-44b88d797540\" href=\"https:\/\/www.economicsibiu.ro\/wp-content\/uploads\/2024\/12\/Procedura_egalizare_sanse_exanene_nationale_2025.pdf\">Procedura egalizare sanse exanene nationale 2025<\/a><a href=\"https:\/\/www.economicsibiu.ro\/wp-content\/uploads\/2024\/12\/Procedura_egalizare_sanse_exanene_nationale_2025.pdf\" class=\"wp-block-file__button wp-element-button\" download aria-describedby=\"wp-block-file--media-69e38988-d8de-4779-8d7c-44b88d797540\">Descarc\u0103<\/a><\/div>\n\n\n\n<p>Pentru mai multe detalii v\u0103 rug\u0103m s\u0103 suna\u021bi la secretariat.<\/p>\n\n\n\n<p class=\"has-text-align-center\"><mark style=\"background-color:rgba(0, 0, 0, 0)\" class=\"has-inline-color has-vivid-red-color\">Bacalaureat 2023 &#8211; 2024<\/mark><\/p>\n\n\n\n<p class=\"has-text-align-center\">Sesiunea August &#8211; Septembrie 2024<\/p>\n\n\n\n<div class=\"wp-block-file\"><a id=\"wp-block-file--media-f8592f26-3293-40dc-a7af-765936069400\" href=\"https:\/\/www.economicsibiu.ro\/wp-content\/uploads\/2024\/08\/Anunt-probe-2024-august-septembrie-2024.pdf\">Anun\u021b probe bac august &#8211; septembrie 2024<\/a><a href=\"https:\/\/www.economicsibiu.ro\/wp-content\/uploads\/2024\/08\/Anunt-probe-2024-august-septembrie-2024.pdf\" class=\"wp-block-file__button wp-element-button\" download aria-describedby=\"wp-block-file--media-f8592f26-3293-40dc-a7af-765936069400\">Descarc\u0103<\/a><\/div>\n\n\n\n<p class=\"has-text-align-center has-luminous-vivid-orange-color has-text-color\">SESIUNEA IUNIE &#8211; IULIE 2024<\/p>\n\n\n\n<div class=\"wp-block-file\"><a id=\"wp-block-file--media-59e41954-d5f4-4537-8237-eb8bba051a5e\" href=\"https:\/\/www.economicsibiu.ro\/wp-content\/uploads\/2024\/06\/rezultate-proba-D.pdf\">Rezultate proba D<\/a><a href=\"https:\/\/www.economicsibiu.ro\/wp-content\/uploads\/2024\/06\/rezultate-proba-D.pdf\" class=\"wp-block-file__button wp-element-button\" download aria-describedby=\"wp-block-file--media-59e41954-d5f4-4537-8237-eb8bba051a5e\">Descarc\u0103<\/a><\/div>\n\n\n\n<div class=\"wp-block-file\"><a id=\"wp-block-file--media-da709a24-dcad-433a-b94e-b5c154e1b370\" href=\"https:\/\/www.economicsibiu.ro\/wp-content\/uploads\/2024\/06\/rezultate-proba-A.pdf\">Rezultate proba A<\/a><a href=\"https:\/\/www.economicsibiu.ro\/wp-content\/uploads\/2024\/06\/rezultate-proba-A.pdf\" class=\"wp-block-file__button wp-element-button\" download aria-describedby=\"wp-block-file--media-da709a24-dcad-433a-b94e-b5c154e1b370\">Descarc\u0103<\/a><\/div>\n\n\n\n<p class=\"has-text-align-center\"><strong><em><mark style=\"background-color:#8ed1fc\" class=\"has-inline-color has-vivid-red-color\">Proba C &#8211; evaluarea competen\u021belor lingvistice \u00eentr-o limb\u0103 de circula\u021bie interna\u021bional\u0103<\/mark><\/em><\/strong><\/p>\n\n\n\n<p>Proba oral\u0103 la limba englez\u0103 se desf\u0103\u0219oar\u0103 \u00een data de 25.06.2024 respectiv 27.06.2027 limba englez\u0103 \u0219i francez\u0103 de la ora 9.<\/p>\n\n\n\n<p>Proba de audi\u021bie \u0219i scris se desf\u0103\u0219oar\u0103 \u00een data de 26.06.2024 de la ora 12:00 cu proba de audi\u021bie \u0219i apoi proba scris\u0103 de la ora 13:00, \u00een acelea\u0219i s\u0103li \u00een care s-au desf\u0103\u0219urat probele de audi\u021bie.<\/p>\n\n\n\n<div class=\"wp-block-file\"><a id=\"wp-block-file--media-c3211fef-11f7-491f-91b5-dd8083a868b5\" href=\"https:\/\/www.economicsibiu.ro\/wp-content\/uploads\/2024\/06\/Proba-C-oral.pdf\">Programare proba C &#8211; ORAL<\/a><a href=\"https:\/\/www.economicsibiu.ro\/wp-content\/uploads\/2024\/06\/Proba-C-oral.pdf\" class=\"wp-block-file__button wp-element-button\" download aria-describedby=\"wp-block-file--media-c3211fef-11f7-491f-91b5-dd8083a868b5\">Descarc\u0103<\/a><\/div>\n\n\n\n<div class=\"wp-block-file\"><a id=\"wp-block-file--media-5fa96fb0-b7b7-4835-88db-fbbffd709be8\" href=\"https:\/\/www.economicsibiu.ro\/wp-content\/uploads\/2024\/06\/Programare-proba-C-audio-si-scris.pdf\">Programare proba &#8211; C audio \u0219i scris<\/a><a href=\"https:\/\/www.economicsibiu.ro\/wp-content\/uploads\/2024\/06\/Programare-proba-C-audio-si-scris.pdf\" class=\"wp-block-file__button wp-element-button\" download aria-describedby=\"wp-block-file--media-5fa96fb0-b7b7-4835-88db-fbbffd709be8\">Descarc\u0103<\/a><\/div>\n\n\n\n<p>Proba de competen\u021be digitale \u00eencepe la ora 13:00, iar accesul \u00een laborator se face p\u00e2n\u0103 la ora 12:30.<\/p>\n\n\n\n<div class=\"wp-block-file\"><a id=\"wp-block-file--media-09dafe43-13f3-4ebd-abdb-6864a0c6a5a1\" href=\"https:\/\/www.economicsibiu.ro\/wp-content\/uploads\/2024\/06\/Proba-D-2024.pdf\">Competen\u021be digitale<\/a><a href=\"https:\/\/www.economicsibiu.ro\/wp-content\/uploads\/2024\/06\/Proba-D-2024.pdf\" class=\"wp-block-file__button wp-element-button\" download aria-describedby=\"wp-block-file--media-09dafe43-13f3-4ebd-abdb-6864a0c6a5a1\">Descarc\u0103<\/a><\/div>\n\n\n\n<div class=\"wp-block-file\"><a id=\"wp-block-file--media-f418ea2b-da1e-4073-82c0-67198c9e1a10\" href=\"https:\/\/www.economicsibiu.ro\/wp-content\/uploads\/2024\/06\/programare.pdf\">Competen\u021be limba \u0219i literatura rom\u00e2n\u0103 oral<\/a><a href=\"https:\/\/www.economicsibiu.ro\/wp-content\/uploads\/2024\/06\/programare.pdf\" class=\"wp-block-file__button wp-element-button\" download aria-describedby=\"wp-block-file--media-f418ea2b-da1e-4073-82c0-67198c9e1a10\">Descarc\u0103<\/a><\/div>\n\n\n\n<div class=\"wp-block-file\"><a id=\"wp-block-file--media-cf354c67-5d22-4508-ad01-bd58794e83a2\" href=\"https:\/\/www.economicsibiu.ro\/wp-content\/uploads\/2024\/06\/anunt-probe-2024-1.pdf\">Grafic desf\u0103\u0219urare competen\u021be lingvistice \u0219i digitale<\/a><a href=\"https:\/\/www.economicsibiu.ro\/wp-content\/uploads\/2024\/06\/anunt-probe-2024-1.pdf\" class=\"wp-block-file__button wp-element-button\" download aria-describedby=\"wp-block-file--media-cf354c67-5d22-4508-ad01-bd58794e83a2\">Descarc\u0103<\/a><\/div>\n\n\n<div class=\"wp-block-image\">\n<figure class=\"aligncenter size-full is-resized\"><img loading=\"lazy\" decoding=\"async\" src=\"https:\/\/www.economicsibiu.ro\/wp-content\/uploads\/2024\/04\/Calendar-bac-2024.jpg\" alt=\"\" class=\"wp-image-2088\" width=\"646\" height=\"584\" srcset=\"https:\/\/www.economicsibiu.ro\/wp-content\/uploads\/2024\/04\/Calendar-bac-2024.jpg 861w, https:\/\/www.economicsibiu.ro\/wp-content\/uploads\/2024\/04\/Calendar-bac-2024-300x271.jpg 300w, https:\/\/www.economicsibiu.ro\/wp-content\/uploads\/2024\/04\/Calendar-bac-2024-768x694.jpg 768w\" sizes=\"auto, (max-width: 646px) 100vw, 646px\" \/><\/figure>\n<\/div>\n\n\n<p><\/p>\n\n\n\n<p><a href=\"https:\/\/sbisj.ro\/documente\/Ordin-Bac-2024-MO-05-09.pdf\" target=\"_blank\" rel=\"noreferrer noopener\">ORDIN nr 6156 din 31.08.2023 privind organizarea \u0219i desf\u0103\u0219urarea examenului na\u021bional de bacalaureat &#8211; 2024<\/a><\/p>\n","protected":false},"excerpt":{"rendered":"<p>Bacalaureat 2024 &#8211; 2025 PROGRAM \u00ceNSCRIERI BACALAUREAT SESIUNEA IUNIE-IULIE 2025 LUNI&nbsp; 02 iunie 2025 \u00eentre orele 9\u00b0\u00b0 &#8211; 15\u00b3\u00b0 MAR\u021aI &hellip; <\/p>\n","protected":false},"author":1,"featured_media":0,"parent":0,"menu_order":0,"comment_status":"closed","ping_status":"closed","template":"template-home.php","meta":{"footnotes":""},"class_list":["post-47","page","type-page","status-publish","hentry"],"_links":{"self":[{"href":"https:\/\/www.economicsibiu.ro\/index.php?rest_route=\/wp\/v2\/pages\/47","targetHints":{"allow":["GET"]}}],"collection":[{"href":"https:\/\/www.economicsibiu.ro\/index.php?rest_route=\/wp\/v2\/pages"}],"about":[{"href":"https:\/\/www.economicsibiu.ro\/index.php?rest_route=\/wp\/v2\/types\/page"}],"author":[{"embeddable":true,"href":"https:\/\/www.economicsibiu.ro\/index.php?rest_route=\/wp\/v2\/users\/1"}],"replies":[{"embeddable":true,"href":"https:\/\/www.economicsibiu.ro\/index.php?rest_route=%2Fwp%2Fv2%2Fcomments&post=47"}],"version-history":[{"count":65,"href":"https:\/\/www.economicsibiu.ro\/index.php?rest_route=\/wp\/v2\/pages\/47\/revisions"}],"predecessor-version":[{"id":2260,"href":"https:\/\/www.economicsibiu.ro\/index.php?rest_route=\/wp\/v2\/pages\/47\/revisions\/2260"}],"wp:attachment":[{"href":"https:\/\/www.economicsibiu.ro\/index.php?rest_route=%2Fwp%2Fv2%2Fmedia&parent=47"}],"curies":[{"name":"wp","href":"https:\/\/api.w.org\/{rel}","templated":true}]}}