{"id":50,"date":"2020-06-02T18:57:24","date_gmt":"2020-06-02T18:57:24","guid":{"rendered":"https:\/\/www.economicsibiu.ro\/?page_id=50"},"modified":"2025-12-27T11:34:53","modified_gmt":"2025-12-27T09:34:53","slug":"scurt-istoric","status":"publish","type":"page","link":"https:\/\/www.economicsibiu.ro\/","title":{"rendered":"Acas\u0103"},"content":{"rendered":"\n<p class=\"has-text-align-center\"><strong><em><u>Program cu publicul&nbsp; \u00een perioada 22 decembrie 2025 \u2013 05 ianuarie 2026<\/u><\/em><\/strong><\/p>\n\n\n\n<p class=\"has-text-align-center\"><strong>22, 23, 24 decembrie 2025 \u00eentre orele 09\u2070\u2070 &#8211; 12\u2070\u2070;<\/strong><\/p>\n\n\n\n<p class=\"has-text-align-center\"><strong>29, 30, 31 decembrie 2025 \u00eentre orele 09\u2070\u2070 &#8211; 12\u2070\u2070;<\/strong><\/p>\n\n\n\n<p class=\"has-text-align-center\"><strong>05 ianuarie 2026 <\/strong>&nbsp;<strong>\u00eentre orele 09\u2070\u2070 &#8211; 12\u2070\u2070;<\/strong><strong><\/strong><\/p>\n\n\n\n<p class=\"has-text-align-center\">Orice solicitare se poate transmite pe adresa de e-mail a liceului: <a href=\"mailto:secretariat@economicsibiu.ro\">secretariat@economicsibiu.ro<\/a><\/p>\n\n\n\n<p><\/p>\n\n\n\n<p><\/p>\n\n\n\n<p><\/p>\n\n\n\n<p><strong>COLEGIUL ECONOMIC \u201eGEORGE BARI\u021aIU\u201d<\/strong> este o <strong>\u0219coal\u0103 cu tradi\u021bie<\/strong> \u00een preg\u0103tirea for\u021bei de munc\u0103 \u00een <strong>domeniul <em>Serviciilor<\/em><\/strong>.<\/p>\n\n\n\n<p>\u00cenfiin\u021bat\u0103 \u00een anul <strong>1967<\/strong>, ca <strong>Liceu Economic<\/strong>, \u0219coala avea <strong>s\u0103 se transforme, \u00een diferite<\/strong> <strong>perioade<\/strong>, \u00een func\u021bie de domeniile de preg\u0103tire:<\/p>\n\n\n\n<p>&#8211;<strong>1968 \u2013 1976<\/strong> \u2013 Liceu <strong>Economic<\/strong><\/p>\n\n\n\n<p>&#8211;<strong>1977<\/strong> \u2013 Liceu Economic <strong>de Contabilitate \u0219i Comer\u021b<\/strong><\/p>\n\n\n\n<p>&#8211;<strong>1978<\/strong> \u2013 Liceu Economic <strong>\u0219i de Drept Administrativ<\/strong><\/p>\n\n\n\n<p>&#8211;<strong>1985<\/strong> \u2013 Liceu Economic<\/p>\n\n\n\n<p>&#8211;<strong>1993<\/strong> \u2013 <strong>Grup \u0218colar Economic Administrativ \u0219i de Servicii<\/strong><\/p>\n\n\n\n<p>&#8211;<strong>1994<\/strong> \u2013 Liceu Economic<\/p>\n\n\n\n<p>&#8211;<strong>1995<\/strong> \u2013 Grup \u0218colar Economic Administrativ \u0219i de Servicii<\/p>\n\n\n\n<p>&#8211;<strong>1997<\/strong> \u2013 Grup \u0218colar Economic Administrativ \u201eGeorge Bari\u021biu\u201d<\/p>\n\n\n\n<p>&#8211;<strong>2005<\/strong> \u2013 <strong>p\u00e2n\u0103 \u00een prezent: Colegiul Economic \u201e<em>George Bari\u021biu<\/em>\u201d<\/strong><\/p>\n\n\n\n<p>Nu \u00eent\u00e2mpl\u0103tor unit\u0103\u021bii noastre \u0219colare, \u00een anul <strong>1997<\/strong>, i s-a conferit denumirea de Grup \u0218colar Economic Administrativ \u201e<em>George Bari\u021biu<\/em>\u201d, ci \u00een spiritul implement\u0103rii <strong>conceptelor valoroase<\/strong> ale <strong>reputatului publicist<\/strong> <strong>GEORGE BARI\u021aIU <\/strong><strong>(4 iunie 1812 &#8211;&nbsp; 2 mai 1893<\/strong><strong>):<\/strong><strong><\/strong><\/p>\n\n\n\n<ul class=\"wp-block-list\">\n<li><strong><mark style=\"background-color:rgba(0, 0, 0, 0)\" class=\"has-inline-color has-vivid-green-cyan-color\">\u201e<em>Numai epocile extraordinare produc oameni extraordinar<\/em>i\u201d.<\/mark><\/strong><\/li>\n\n\n\n<li><strong><mark style=\"background-color:rgba(0, 0, 0, 0)\" class=\"has-inline-color has-vivid-green-cyan-color\">\u201e<em>Mie nu mi-e fric\u0103 de viitor, dar s\u0103 apuc\u0103m prezentul cu toate bra\u0163ele<\/em>\u201d.<\/mark><\/strong><\/li>\n\n\n\n<li><strong><mark style=\"background-color:rgba(0, 0, 0, 0)\" class=\"has-inline-color has-vivid-green-cyan-color\">\u201e<em>Na\u0163ionalitatea \u015fi limba sunt mai scumpe dec\u00e2t libertatea, c\u0103ci libertatea pierdut\u0103 se poate rec\u00e2\u015ftiga, dar na\u0163ionalitatea niciodat\u0103<\/em><\/mark>\u201d.<\/strong><\/li>\n\n\n\n<li><strong>\u201e<mark style=\"background-color:rgba(0, 0, 0, 0)\" class=\"has-inline-color has-vivid-green-cyan-color\"><em>Nu poate cineva cuprinde cu mintea c\u00e2\u0163i sunt cei care pun felurite stavili culturii oamenilor, ca s\u0103-i \u00eentoarc\u0103 cu sutele de ani \u00eend\u0103r\u0103pt. Toat\u0103 natura arat\u0103 \u00eens\u0103 cum c\u0103 mi\u015fcarea \u00eend\u0103r\u0103pt nu poate s\u0103 r\u0103m\u00e2ie. Oamenii trebuie sco\u015fi din ne\u015ftiin\u0163\u0103<\/em>\u201d.<\/mark><\/strong><\/li>\n\n\n\n<li><strong><u><mark style=\"background-color:rgba(0, 0, 0, 0)\" class=\"has-inline-color has-vivid-green-cyan-color\">ISTORIA ESTE \u00ceNV\u0102\u0162\u0102TOAREA OMENIRII<\/mark>.<\/u><\/strong><\/li>\n\n\n\n<li><strong><mark style=\"background-color:rgba(0, 0, 0, 0)\" class=\"has-inline-color has-vivid-green-cyan-color\"><u>Ce \u00eenseamn\u0103 CULTURA<\/u>? \u201e<em>\u00censemneaz\u0103 a \u00eenv\u0103\u0163a pe oameni s\u0103 cugete bine, a lumina ce e \u00eentunecat, a limpezi ideile oamenilor, a-i p\u0103zi de gre\u015feli \u0219i de prejudec\u0103\u0163i. Cultura e pre\u0163uirea lucrurilor dup\u0103 temeiurile min\u021bii celei s\u0103n\u0103toase, nu dup\u0103 obiceiul vechi. Nu necredin\u021ba, ci <u>\u00eentrebuin\u021barea credin\u021bei celei adev\u0103rate- aceasta este cultura<\/u><\/em>. <em>Fiecare popor \u00ee\u015fi are o cultur\u0103 a sa proprie, fiec\u0103rei na\u0163iuni \u00eei corespunde un anumit specific na\u021bional, fiecare popor contribuie la dezvoltarea culturii na\u0163ionale<\/em><\/mark>\u201d.<\/strong><\/li>\n\n\n\n<li><strong><u><mark style=\"background-color:rgba(0, 0, 0, 0)\" class=\"has-inline-color has-vivid-green-cyan-color\">\u201e<\/mark><\/u><mark style=\"background-color:rgba(0, 0, 0, 0)\" class=\"has-inline-color has-vivid-green-cyan-color\"><u><em>\u00cenv\u0103\u0163\u0103torul<\/em><\/u><em> s\u0103 fie ucenicilor s\u0103i lege vie \u00een cuvinte \u0219i \u00een fapte, s\u0103 se arate \u00een mijlocul lor st\u0103p\u00e2nitor, cu un duh puternic, p\u0103rintesc, \u00eenso\u021bit de duhul bl\u00e2nde\u0163elor, c\u0103ci altfel t\u00e2n\u0103rul e ne\u00eenduplecat la vorba amar\u0103. <\/em><u>\u00ceNV\u0102\u0162\u0102TORUL<\/u>, ca un p\u0103rinte adev\u0103rat, s\u0103 se \u00eengrijeasc\u0103 \u0219i pentru starea vie\u0163ii t\u00e2n\u0103rului, care o s\u0103-\u015fi aleag\u0103 drumul. S\u0103 se str\u0103duiasc\u0103, adic\u0103, a deosebi \u0219i cunoa\u015fte, cu privire ager\u0103, toate puterile suflete\u0219ti, c\u0103ci nu este mai mare primejdie dec\u00e2t c\u00e2nd \u00ee\u015fi gre\u015fe\u015fte t\u00e2n\u0103rul chemarea sa. A\u015fadar, pe c\u00e2t de mari \u0219i \u00eempov\u0103r\u0103toare, pe at\u00e2ta de <u>frumoase, nobile \u015fi cinstite<\/u> sunt aceste <u>datorii ale \u00eenv\u0103\u0163\u0103torilor c\u0103tre ucenicii s\u0103i<\/u>\u201d.<\/mark><\/strong><\/li>\n<\/ul>\n\n\n\n<p>George Bari\u021biu a \u00een\u021beles c\u0103 no\u021biunea de progres exprim\u0103 un proces complex \u0219i multilateral. \u00cen viziunea sa, <strong><em>a asigura progresul unui popor \u00eenseamn\u0103 a-i crea condi\u021biile optime dezvolt\u0103rii culturale, spirituale, politice, sociale \u0219i economice<\/em><\/strong>:<\/p>\n\n\n\n<ul class=\"wp-block-list\">\n<li><strong>Om politic, publicist si istoric, unul dintre conduc\u0103torii Revolu\u0163iei de la 1848 din Transilvania<\/strong>, aprig lupt\u0103tor pentru cauza na\u0163ional\u0103 din Ardeal,&nbsp; <strong>membru fondator \u015fi mai t\u00e2rziu pre\u0219edinte al societ\u0103\u0163ii <em>ASTRA<\/em> (\u2194 Aso\u00adcia\u0163iunea Transilvan\u0103 pentru Literatura Rom\u00e2n\u0103 \u015fi Cultura Poporului Rom\u00e2n)<\/strong>, <strong>pre\u015fedinte al Academiei Rom\u00e2ne<\/strong>, George Bari\u0163iu este considerat <strong><u>\u00eentemeietorul presei rom\u00e2ne\u015fti din Transilvania<\/u><\/strong> &#8211; \u201e<em>Gazeta de Transilvania<\/em>&#8221; (1838), \u201e<strong><em>Foaie pentru minte, inim\u0103 \u015fi literatur\u0103<\/em><\/strong>&#8221; (1838). Este un moment semnificativ \u00eentruc\u00e2t <strong><u>presa<\/u> \u00ee\u015fi asum\u0103 o <em><u>func\u0163ie educativ\u0103<\/u><\/em><\/strong>, iar prin promovarea literaturii (fie traduceri, fie crea\u0163ii originale), <strong>\u00eendepline\u015fte <u>o <em>func\u0163ie cultural\u0103<\/em><\/u><\/strong>. Miza pe termen lung a fost \u00eens\u0103 <strong>formarea unei literaturi \u015fi a unei limbi comune pentru to\u0163i rom\u00e2nii<\/strong>, preg\u0103tindu-i, astfel, pentru <em>unirea \u00eentr-un stat na\u0163ional<\/em>. Cu mult\u0103 dreptate scrie <strong>Nicolae Iorga<\/strong> c\u0103 George Bari\u0163iu a fost \u201e<em>un gazetar al con\u015ftiin\u0163ei \u015fi idealurilor sale \u015fi, pe l\u00e2ng\u0103 aceasta, ca o \u00eentregire neap\u0103rat\u0103, fiindc\u0103 e vorba de un spirit a\u015fa de \u00een\u0163eleg\u0103tor \u015fi de cuminte, un gazetar \u2013 pentru to\u0163i \u2013 gazetarul poporului rom\u00e2n supus \u00een Ardeal unei st\u0103p\u00e2niri str\u0103ine\u2026<\/em>\u201d.<\/li>\n<\/ul>\n\n\n\n<ul class=\"wp-block-list\">\n<li>Un <strong>b\u0103rbat al datoriei \u015fi al faptei patriotice<\/strong>, George Bari\u0163iu <strong>este un animator cultural<\/strong>, cultura secolului al XIX-lea din Transilvania fiind dominat\u0103 de personalitatea lui George Bari\u0163iu. \u00cen toate domeniile vie\u0163ii culturale transilv\u0103nene \u00eel g\u0103sim pe Bari\u0163iu ca pe <strong><u>un deschiz\u0103tor de drumuri<\/u><\/strong>, cu at\u00e2t mai mult cu c\u00e2t \u00ee\u0219i d\u0103 seama de beneficiile pe care le poate aduce \u00een via\u0163a oamenilor <strong>\u015fcoala \u015fi \u00eenv\u0103\u0163\u0103tura de carte.<\/strong><\/li>\n<\/ul>\n\n\n\n<p><strong><u>Articolele lui Bari\u0163iu despre \u015fcoal\u0103 \u015fi educa\u0163ie<\/u><\/strong> (<em>Cuv\u00e2ntare scolasticeasc\u0103, Educa\u0163ia<\/em> etc.) urm\u0103resc cu o impresionant\u0103 st\u0103ruin\u0163\u0103 scopul trezirii con\u015ftiin\u0163ei na\u0163ionale a poporului rom\u00e2n \u015fi al eliber\u0103rii sale sociale \u015fi na\u0163ionale. <strong><u>\u015ecoala<\/u><\/strong> \u2013 \u00een viziunea lui Bari\u0163iu \u2013 era un <strong><em>templu al \u00eenv\u0103\u0163\u0103turii<\/em><\/strong> mai ales; ea <strong>educa<\/strong> o serie de <strong>norme morale \u015fi comportamente<\/strong> <strong>necesare cet\u0103\u0163eanului model<\/strong>: virtutea, perseveren\u0163a, iubirea de munc\u0103, de patrie, cinstea, onestitatea, dreptatea, dragostea de adev\u0103r, de aproape, de cele sfinte, devotamentul.<\/p>\n\n\n\n<ul class=\"wp-block-list\">\n<li><strong>\u00cen ceea ce prive\u015fte <u>literatura<\/u>, Bari\u0163iu a militat pentru <u>punerea \u00een valoare a limbii \u015fi a literaturii populare, ca \u015fi a marilor modele clasice<\/u>; <\/strong>a fost unul dintre <strong><u>animatorii mi\u015fc\u0103rii teatrale rom\u00e2ne\u015fti<\/u><\/strong>; a scris <strong><u>poezii \u015fi proz\u0103 pe care o istorie a literaturii rom\u00e2ne le va consemna, poate, ca momente \u00een evolu\u0163ia ei, dar nu va putea trece peste contribu\u0163iile sale de teoretician literar<\/u><\/strong> \u015fi, mai ales, nu va putea ignora <strong><u>rolul s\u0103u de \u00eendrum\u0103tor literar prin orientarea literaturii noastre<\/u>, <\/strong>\u00eenaintea \u201e<em>Daciei literare<\/em>\u201d, spre fondul s\u0103n\u0103tos al filonului istoric pe f\u0103ga\u015ful na\u0163ional istoric. <strong>Dac\u0103 posteritatea nu-l va re\u0163ine <\/strong>(a\u0219a cum se cuvine, de altfel)<strong> pe Bari\u0163iu-scriitorul, cu siguran\u0163\u0103 c\u0103-l va omagia pe <u>animatorul vie\u0163ii culturale \u015fi politice a rom\u00e2nilor din Transilvania<\/u>, pe <u>istoricul Bari\u0163iu<\/u><\/strong>, autorul monumentalei lucr\u0103ri <em>P\u0103r\u0163i alese din istoria Transilvaniei<\/em> (3 vol.).<\/li>\n<\/ul>\n\n\n\n<ul class=\"wp-block-list\">\n<li>\u00centr-una dintre vechile noastre istorii literare, g\u0103sim urm\u0103toarea <strong>caracterizare a lui George Bari\u0163iu<\/strong>: \u201e<em>\u2026<strong>acest b\u0103rbat incomparabil \u0219i \u00een voin\u021b\u0103, \u0219i \u00een t\u0103ria \u0219i cur\u0103\u0163ia caracterului s\u0103u rom\u00e2n, ne\u00eenvins \u0219i neschimbat \u00een toate circumstan\u0163ele, s-a consacrat din tinere\u0163ele sale ne\u00eentrerupt \u015fi cu tot zelul, \u00een adev\u0103ratul sens al cuv\u00e2ntului, cu trup, cu spirit cu tot, pentru luminarea \u015fi \u00eent\u0103rirea con\u015ftiin\u0163ei na\u0163ionale \u00een to\u0163i cona\u0163ionalii s\u0103i, pentru redob\u00e2ndirea drepturilor na\u0163ionale politice ale rom\u00e2nilor, mai ales din provinciile austriece, \u015fi pentru sus\u0163inerea acelor drepturi<\/strong>. El, prin organul s\u0103u na\u0163ional \u201eGazeta Transilvaniei\u201d \u015fi prin \u201eFoaia pentru minte, inim\u0103 \u015fi literatur\u0103\u201d f\u0103cu de la 1838 p\u00e2n\u0103 la 1848 cele mai mari servicii \u00eentregii na\u0163iuni rom\u00e2ne<\/em>\u201d. (<strong>Vasile Gherman Pop, <\/strong><em><u>Conspect asupra literaturei rom\u00e2ne \u015fi litera\u0163ilor ei de la \u00eenceput \u015fi p\u00e2n\u0103 ast\u0103zi \u00een ordine cronologic\u0103<\/u><\/em><strong>, <\/strong>Bucure\u015fti, 1875, pg.146).<\/li>\n<\/ul>\n\n\n\n<p><strong>\u201e<u>O \u015eCOAL\u0102 BUN\u0102<\/u> FACE \u00ceN SCURT\u0102 VREME OB\u015eTI BUNE, CET\u0102\u0162ENI BUNI, NA\u0162II DE\u015eTEPTE, COPII AGERI \u015eI FRUMO\u015eI.<\/strong><\/p>\n\n\n\n<p><strong>A\u015eADAR, <u>UN DASC\u0102L BUN<\/u>, ORIUNDE O S\u0102 SE AFLE EL, E TOTDEAUNA O PERSOAN\u0102 MULT \u00ceNSEMN\u0102TOARE\u201d. (GEORGE BARI\u021aIU)<\/strong><\/p>\n\n\n\n<p class=\"has-text-align-right\"><strong>prof. Teodora Vidrighin (Catedra de Limba rom\u00e2n\u0103) <\/strong><\/p>\n\n\n\n<p class=\"has-text-align-right\"><strong>Comisia de <em>Promovare a imaginii \u0219colii<\/em><\/strong><\/p>\n","protected":false},"excerpt":{"rendered":"<p>Program cu publicul&nbsp; \u00een perioada 22 decembrie 2025 \u2013 05 ianuarie 2026 22, 23, 24 decembrie 2025 \u00eentre orele 09\u2070\u2070 &hellip; <\/p>\n","protected":false},"author":1,"featured_media":0,"parent":0,"menu_order":0,"comment_status":"closed","ping_status":"closed","template":"","meta":{"footnotes":""},"class_list":["post-50","page","type-page","status-publish","hentry"],"_links":{"self":[{"href":"https:\/\/www.economicsibiu.ro\/index.php?rest_route=\/wp\/v2\/pages\/50","targetHints":{"allow":["GET"]}}],"collection":[{"href":"https:\/\/www.economicsibiu.ro\/index.php?rest_route=\/wp\/v2\/pages"}],"about":[{"href":"https:\/\/www.economicsibiu.ro\/index.php?rest_route=\/wp\/v2\/types\/page"}],"author":[{"embeddable":true,"href":"https:\/\/www.economicsibiu.ro\/index.php?rest_route=\/wp\/v2\/users\/1"}],"replies":[{"embeddable":true,"href":"https:\/\/www.economicsibiu.ro\/index.php?rest_route=%2Fwp%2Fv2%2Fcomments&post=50"}],"version-history":[{"count":39,"href":"https:\/\/www.economicsibiu.ro\/index.php?rest_route=\/wp\/v2\/pages\/50\/revisions"}],"predecessor-version":[{"id":2377,"href":"https:\/\/www.economicsibiu.ro\/index.php?rest_route=\/wp\/v2\/pages\/50\/revisions\/2377"}],"wp:attachment":[{"href":"https:\/\/www.economicsibiu.ro\/index.php?rest_route=%2Fwp%2Fv2%2Fmedia&parent=50"}],"curies":[{"name":"wp","href":"https:\/\/api.w.org\/{rel}","templated":true}]}}