{"id":525,"date":"2021-03-25T08:00:29","date_gmt":"2021-03-25T06:00:29","guid":{"rendered":"https:\/\/www.economicsibiu.ro\/?page_id=525"},"modified":"2025-07-26T10:32:08","modified_gmt":"2025-07-26T08:32:08","slug":"invatamant-dual","status":"publish","type":"page","link":"https:\/\/www.economicsibiu.ro\/?page_id=525","title":{"rendered":"\u00cenv\u0103\u021b\u0103m\u00e2nt dual"},"content":{"rendered":"\n<div data-wp-interactive=\"core\/file\" class=\"wp-block-file\"><object data-wp-bind--hidden=\"!state.hasPdfPreview\" hidden class=\"wp-block-file__embed\" data=\"https:\/\/www.economicsibiu.ro\/wp-content\/uploads\/2025\/07\/macheta-26x185-scm2025.pdf\" type=\"application\/pdf\" style=\"width:100%;height:600px\" aria-label=\"\u00cenglobare pentru \u0218coala de carte \u0219i meserii 2025.\"><\/object><a id=\"wp-block-file--media-04bd1852-f874-4a90-91a1-262c5b6074ea\" href=\"https:\/\/www.economicsibiu.ro\/wp-content\/uploads\/2025\/07\/macheta-26x185-scm2025.pdf\">\u0218coala de carte \u0219i meserii 2025<\/a><a href=\"https:\/\/www.economicsibiu.ro\/wp-content\/uploads\/2025\/07\/macheta-26x185-scm2025.pdf\" class=\"wp-block-file__button wp-element-button\" download aria-describedby=\"wp-block-file--media-04bd1852-f874-4a90-91a1-262c5b6074ea\">Descarc\u0103<\/a><\/div>\n\n\n\n<div data-wp-interactive=\"core\/file\" class=\"wp-block-file\"><object data-wp-bind--hidden=\"!state.hasPdfPreview\" hidden class=\"wp-block-file__embed\" data=\"https:\/\/www.economicsibiu.ro\/wp-content\/uploads\/2025\/07\/flyer-digital-scm-2025.pdf\" type=\"application\/pdf\" style=\"width:100%;height:600px\" aria-label=\"\u00cenglobare pentru Flyer \u0218coala de carte \u0219i meseri 2025.\"><\/object><a id=\"wp-block-file--media-7c70646a-3d0d-4483-948d-90241903596b\" href=\"https:\/\/www.economicsibiu.ro\/wp-content\/uploads\/2025\/07\/flyer-digital-scm-2025.pdf\">Flyer \u0218coala de carte \u0219i meseri 2025<\/a><a href=\"https:\/\/www.economicsibiu.ro\/wp-content\/uploads\/2025\/07\/flyer-digital-scm-2025.pdf\" class=\"wp-block-file__button wp-element-button\" download aria-describedby=\"wp-block-file--media-7c70646a-3d0d-4483-948d-90241903596b\">Descarc\u0103<\/a><\/div>\n\n\n\n<figure class=\"wp-block-gallery has-nested-images columns-default is-cropped wp-block-gallery-1 is-layout-flex wp-block-gallery-is-layout-flex\">\n<figure class=\"wp-block-image size-large\"><img loading=\"lazy\" decoding=\"async\" width=\"400\" height=\"878\" data-id=\"2253\" src=\"https:\/\/www.economicsibiu.ro\/wp-content\/uploads\/2025\/05\/Calificare-bucatar-1.jpeg\" alt=\"\" class=\"wp-image-2253\" srcset=\"https:\/\/www.economicsibiu.ro\/wp-content\/uploads\/2025\/05\/Calificare-bucatar-1.jpeg 400w, https:\/\/www.economicsibiu.ro\/wp-content\/uploads\/2025\/05\/Calificare-bucatar-1-137x300.jpeg 137w\" sizes=\"auto, (max-width: 400px) 100vw, 400px\" \/><\/figure>\n\n\n\n<figure class=\"wp-block-image size-large\"><img loading=\"lazy\" decoding=\"async\" width=\"851\" height=\"315\" data-id=\"2252\" src=\"https:\/\/www.economicsibiu.ro\/wp-content\/uploads\/2025\/05\/Comerciant-vanzator-1.jpeg\" alt=\"\" class=\"wp-image-2252\" srcset=\"https:\/\/www.economicsibiu.ro\/wp-content\/uploads\/2025\/05\/Comerciant-vanzator-1.jpeg 851w, https:\/\/www.economicsibiu.ro\/wp-content\/uploads\/2025\/05\/Comerciant-vanzator-1-300x111.jpeg 300w, https:\/\/www.economicsibiu.ro\/wp-content\/uploads\/2025\/05\/Comerciant-vanzator-1-768x284.jpeg 768w, https:\/\/www.economicsibiu.ro\/wp-content\/uploads\/2025\/05\/Comerciant-vanzator-1-848x315.jpeg 848w\" sizes=\"auto, (max-width: 851px) 100vw, 851px\" \/><\/figure>\n\n\n\n<figure class=\"wp-block-image size-large\"><img loading=\"lazy\" decoding=\"async\" width=\"476\" height=\"1024\" data-id=\"2251\" src=\"https:\/\/www.economicsibiu.ro\/wp-content\/uploads\/2025\/05\/Ospatar-1-476x1024.jpeg\" alt=\"\" class=\"wp-image-2251\" srcset=\"https:\/\/www.economicsibiu.ro\/wp-content\/uploads\/2025\/05\/Ospatar-1-476x1024.jpeg 476w, https:\/\/www.economicsibiu.ro\/wp-content\/uploads\/2025\/05\/Ospatar-1-140x300.jpeg 140w, https:\/\/www.economicsibiu.ro\/wp-content\/uploads\/2025\/05\/Ospatar-1.jpeg 512w\" sizes=\"auto, (max-width: 476px) 100vw, 476px\" \/><\/figure>\n<\/figure>\n\n\n\n<figure class=\"wp-block-image size-large\"><img loading=\"lazy\" decoding=\"async\" width=\"1024\" height=\"1024\" src=\"https:\/\/www.economicsibiu.ro\/wp-content\/uploads\/2025\/05\/Calificari-profesionale-1-1024x1024.jpeg\" alt=\"\" class=\"wp-image-2255\" srcset=\"https:\/\/www.economicsibiu.ro\/wp-content\/uploads\/2025\/05\/Calificari-profesionale-1-1024x1024.jpeg 1024w, https:\/\/www.economicsibiu.ro\/wp-content\/uploads\/2025\/05\/Calificari-profesionale-1-300x300.jpeg 300w, https:\/\/www.economicsibiu.ro\/wp-content\/uploads\/2025\/05\/Calificari-profesionale-1-150x150.jpeg 150w, https:\/\/www.economicsibiu.ro\/wp-content\/uploads\/2025\/05\/Calificari-profesionale-1-768x768.jpeg 768w, https:\/\/www.economicsibiu.ro\/wp-content\/uploads\/2025\/05\/Calificari-profesionale-1-70x70.jpeg 70w, https:\/\/www.economicsibiu.ro\/wp-content\/uploads\/2025\/05\/Calificari-profesionale-1-246x246.jpeg 246w, https:\/\/www.economicsibiu.ro\/wp-content\/uploads\/2025\/05\/Calificari-profesionale-1-276x276.jpeg 276w, https:\/\/www.economicsibiu.ro\/wp-content\/uploads\/2025\/05\/Calificari-profesionale-1-125x125.jpeg 125w, https:\/\/www.economicsibiu.ro\/wp-content\/uploads\/2025\/05\/Calificari-profesionale-1.jpeg 1080w\" sizes=\"auto, (max-width: 1024px) 100vw, 1024px\" \/><\/figure>\n\n\n\n<p><a href=\"https:\/\/www.youtube.com\/watch?v=lKaJqGxZIec\">https:\/\/www.youtube.com\/watch?v=lKaJqGxZIec<\/a><\/p>\n\n\n\n<p><mark style=\"background-color:rgba(0, 0, 0, 0)\" class=\"has-inline-color has-vivid-red-color\">Comerciant-v\u00e2nz\u0103tor &#8211; 15 locuri pentru \u00eenv\u0103\u021b\u0103m\u00e2nt dual<\/mark><\/p>\n\n\n\n<div class=\"wp-block-file\"><a id=\"wp-block-file--media-565087f7-6340-41c1-9a71-474445f460bd\" href=\"https:\/\/www.economicsibiu.ro\/wp-content\/uploads\/2022\/05\/Procedura-pentru-admiterea-in-invatamantul-profesional-de-stat.pdf\">Procedur\u0103 pentru admiterea \u00een \u00eenv\u0103\u021b\u0103m\u00e2ntul profesional de stat<\/a><a href=\"https:\/\/www.economicsibiu.ro\/wp-content\/uploads\/2022\/05\/Procedura-pentru-admiterea-in-invatamantul-profesional-de-stat.pdf\" class=\"wp-block-file__button wp-element-button\" download aria-describedby=\"wp-block-file--media-565087f7-6340-41c1-9a71-474445f460bd\">Descarc\u0103<\/a><\/div>\n\n\n\n<div class=\"wp-block-file\"><a id=\"wp-block-file--media-110d0091-b540-440b-92bc-8f7fd03ece60\" href=\"https:\/\/www.economicsibiu.ro\/wp-content\/uploads\/2022\/05\/Procedura-operationala-privind-proba-de-admitere-invatamant-dual.pdf\">Procedur\u0103 opera\u021bional\u0103 privind proba de admitere \u00eenv\u0103\u021b\u0103m\u00e2nt dual<\/a><a href=\"https:\/\/www.economicsibiu.ro\/wp-content\/uploads\/2022\/05\/Procedura-operationala-privind-proba-de-admitere-invatamant-dual.pdf\" class=\"wp-block-file__button wp-element-button\" download aria-describedby=\"wp-block-file--media-110d0091-b540-440b-92bc-8f7fd03ece60\">Descarc\u0103<\/a><\/div>\n\n\n\n<div class=\"wp-block-file\"><a id=\"wp-block-file--media-7d17e8a9-9849-486c-8a65-cec18a74dd84\" href=\"https:\/\/www.economicsibiu.ro\/wp-content\/uploads\/2022\/05\/AFIS-Scoala-de-carte-si-meseri-2022.pdf\">AFI\u0218 \u0218coala de carte \u0219i meserii 2022<\/a><a href=\"https:\/\/www.economicsibiu.ro\/wp-content\/uploads\/2022\/05\/AFIS-Scoala-de-carte-si-meseri-2022.pdf\" class=\"wp-block-file__button wp-element-button\" download aria-describedby=\"wp-block-file--media-7d17e8a9-9849-486c-8a65-cec18a74dd84\">Descarc\u0103<\/a><\/div>\n\n\n\n<div class=\"wp-block-file\"><a id=\"wp-block-file--media-60720f7f-0946-4837-9506-a3cc4f57d1f9\" href=\"https:\/\/www.economicsibiu.ro\/wp-content\/uploads\/2022\/05\/FLYER-Scoala-de-carte-si-meseri-2022.pdf\">FLYER \u0218coala de carte \u0219i meserii 2022<\/a><a href=\"https:\/\/www.economicsibiu.ro\/wp-content\/uploads\/2022\/05\/FLYER-Scoala-de-carte-si-meseri-2022.pdf\" class=\"wp-block-file__button wp-element-button\" download aria-describedby=\"wp-block-file--media-60720f7f-0946-4837-9506-a3cc4f57d1f9\">Descarc\u0103<\/a><\/div>\n","protected":false},"excerpt":{"rendered":"<p>https:\/\/www.youtube.com\/watch?v=lKaJqGxZIec Comerciant-v\u00e2nz\u0103tor &#8211; 15 locuri pentru \u00eenv\u0103\u021b\u0103m\u00e2nt dual<\/p>\n","protected":false},"author":1,"featured_media":0,"parent":0,"menu_order":0,"comment_status":"closed","ping_status":"closed","template":"","meta":{"footnotes":""},"class_list":["post-525","page","type-page","status-publish","hentry"],"_links":{"self":[{"href":"https:\/\/www.economicsibiu.ro\/index.php?rest_route=\/wp\/v2\/pages\/525","targetHints":{"allow":["GET"]}}],"collection":[{"href":"https:\/\/www.economicsibiu.ro\/index.php?rest_route=\/wp\/v2\/pages"}],"about":[{"href":"https:\/\/www.economicsibiu.ro\/index.php?rest_route=\/wp\/v2\/types\/page"}],"author":[{"embeddable":true,"href":"https:\/\/www.economicsibiu.ro\/index.php?rest_route=\/wp\/v2\/users\/1"}],"replies":[{"embeddable":true,"href":"https:\/\/www.economicsibiu.ro\/index.php?rest_route=%2Fwp%2Fv2%2Fcomments&post=525"}],"version-history":[{"count":9,"href":"https:\/\/www.economicsibiu.ro\/index.php?rest_route=\/wp\/v2\/pages\/525\/revisions"}],"predecessor-version":[{"id":2288,"href":"https:\/\/www.economicsibiu.ro\/index.php?rest_route=\/wp\/v2\/pages\/525\/revisions\/2288"}],"wp:attachment":[{"href":"https:\/\/www.economicsibiu.ro\/index.php?rest_route=%2Fwp%2Fv2%2Fmedia&parent=525"}],"curies":[{"name":"wp","href":"https:\/\/api.w.org\/{rel}","templated":true}]}}