{"id":68,"date":"2020-06-02T19:45:06","date_gmt":"2020-06-02T19:45:06","guid":{"rendered":"https:\/\/www.economicsibiu.ro\/?page_id=68"},"modified":"2020-06-19T15:21:18","modified_gmt":"2020-06-19T13:21:18","slug":"pregatire-examen-de-bacalaureat-2020","status":"publish","type":"page","link":"https:\/\/www.economicsibiu.ro\/?page_id=68","title":{"rendered":"Preg\u0103tire examen de bacalaureat 2020"},"content":{"rendered":"\n<p class=\"has-text-align-center\"><strong><em><span class=\"has-inline-color has-vivid-cyan-blue-color\">Dragi absolven\u021bi,<\/span><\/em><\/strong><\/p>\n\n\n\n<p>        Ne afl\u0103m la momentul \u00een care, voi absolven\u021bi ai promo\u021biei 2020, v\u0103 \u00eendrepta\u021bi cu repeziciune spre via\u021ba care \u00eentinde bra\u021bele speran\u021belor voastre cu putere \u0219i n\u0103dejde. Cu siguran\u021b\u0103 c\u0103 visele voastre au ca start reu\u0219ita la examenul de bacalaureat \u0219i doresc s\u0103 fiu printre cei care, acum \u00een prag de bacalaureat, v\u0103 ureaz\u0103 succes. &nbsp;<a rel=\"noreferrer noopener\" href=\"https:\/\/www.youtube.com\/watch?v=OCWq5W22T74\" target=\"_blank\">https:\/\/www.youtube.com\/watch?v=OCWq5W22T74<\/a><\/p>\n\n\n\n<p>        A\u0219a cum am promis, continui cu preciz\u0103ri legate de desf\u0103\u0219urarea examenului de bacalaureat.<\/p>\n\n\n\n<p>Zilele de examen vor fi :<\/p>\n\n\n\n<ul class=\"wp-block-list\"><li>22.06.2020<em> Limba \u0219i literatura rom\u00e2n\u0103<\/em>;<\/li><li>24.06.2020 <em>Matematic\u0103<\/em>;<\/li><li>25.06.2020 <em>Economie, geografie, psihologie, logic\u0103<\/em>.<\/li><\/ul>\n\n\n\n<p>        \u00centrarea \u00een \u0219coal\u0103 se va face \u00eencep\u00e2nd cu ora <strong><span class=\"has-inline-color has-vivid-red-color\">7:30<\/span><\/strong> \u0219i ora maxim\u0103 de intrare \u00een sala de examen este <strong><span class=\"has-inline-color has-vivid-red-color\">8:30<\/span><\/strong>. Pentru aplicarea m\u0103surilor de siguran\u021b\u0103 impuse de starea de alert\u0103, elevii <span class=\"has-inline-color has-vivid-red-color\"><strong>claselor <\/strong><\/span><strong><span class=\"has-inline-color has-vivid-red-color\">a XII-a&nbsp; A, C, G \u0219i seriile anterioare<\/span><\/strong> sunt programa\u021bi s\u0103 intre \u00een scoal\u0103 \u00een intervalul orar <span class=\"has-inline-color has-vivid-red-color\"><strong>7:30 \u2013 8:00<\/strong><\/span>, iar cei din <span class=\"has-inline-color has-vivid-red-color\"><strong>clasele a XII-a&nbsp; B, E \u0219i F<\/strong><\/span> sunt programa\u021bi \u00een intervalul <strong><span class=\"has-inline-color has-vivid-red-color\">8:00 &#8211; 8:30<\/span><\/strong>.<\/p>\n\n\n\n<p>        <span class=\"has-inline-color has-vivid-red-color\">INTRAREA ELEVILOR SE VA REALIZA DIN STRADA OITUZ, PRIN CORPUL&nbsp; C<\/span> (pe l\u00e2ng\u0103 cabinetul medical), pentru dezinfectare \u0219i termoscanare. FIECARE ELEV VA PRIMI O MASC\u0102 NOU\u0102&nbsp; CU CARE VA R\u0102M\u00c2NE PE PERIOADA DERUL\u0102RII EXAMENULUI.<\/p>\n\n\n\n<p>        Masca va fi aruncat\u0103 la ie\u0219irea pe poarta \u0219colii (pe l\u00e2ng\u0103 ghereta portarului) \u00eentr-un recipient special, inscrip\u021bionat \u00een acest sens.<\/p>\n\n\n\n<p>        Fiecare elev trebuie s\u0103 aib\u0103 asupra&nbsp; lui&nbsp; <strong><span class=\"has-inline-color has-vivid-green-cyan-color\">CARTEA DE IDENTITATE \u0218I INSTRUMENTE LE DE SCRIS, CU PAST\u0102 SAU CERNEAL\u0102 ALBASTR\u0102<\/span><\/strong>.&nbsp; De asemenea&nbsp; v\u0103 transmit rug\u0103mintea <strong><u><span class=\"has-inline-color has-vivid-green-cyan-color\">&nbsp;S\u0102 RENUN\u021aA\u021aI LA BAGAJE PENTRU A REALIZA, \u00ceN CONDI\u021aII OPTIME, INTRAREA SPRE SALA DE EXAMEN!<\/span><\/u><\/strong><\/p>\n\n\n\n<p>        NU ESTE PERMIS ACCESUL \u00ceN SALA DE EXAMEN CU M\u00c2NCARE, CIOCOLAT\u0102 \u0218I B\u0102UTURI CARBOGAZOASE!<\/p>\n\n\n\n<p>        <em>La fiecare etaj, pe hol,&nbsp; exist\u0103 ap\u0103 \u0219i pahare de unic\u0103 folosin\u021b\u0103 \u0219i dac\u0103 cineva are nevoie se&nbsp; adreseaz\u0103 profesorului asistent.<\/em><\/p>\n\n\n\n<p>        Ie\u0219irea din cl\u0103dire se va realiza urm\u0103rind sensul s\u0103ge\u021bilor ro\u0219ii, spre sc\u0103rile profesorilor( at\u00e2t de mult r\u00e2vnite \u00een timpul anilor de \u0219coal\u0103) p\u00e2n\u0103 la poart\u0103.&nbsp; \u00cen situa\u021bia \u00een care exist\u0103 bagaje (sala 5, respectiv sala 6, de la parterul corpului A) elevul iese \u00een curte, cu masc\u0103 \u0219i traverseaz\u0103 curtea spre sala \u00een care \u0219i-a l\u0103sat bagajul<em>.<\/em><\/p>\n\n\n\n<p>Planificarea elevilor pentru cursurile ONLINE \u00een perioada 2 &#8211; 12 iunie 2020 <a rel=\"noreferrer noopener\" href=\"https:\/\/www.economicsibiu.ro\/wp-content\/uploads\/2020\/06\/ORAR-PREG\u0102TIRE-ON.pdf\" target=\"_blank\">aici <\/a><\/p>\n\n\n\n<blockquote class=\"wp-block-quote is-layout-flow wp-block-quote-is-layout-flow\"><p>Orarul se mai poate modifica, doar dac\u0103 exist\u0103 o \u00een\u021belegere cu cadrul didactic, \u00een acest sens.<\/p><\/blockquote>\n\n\n\n<p>Planificarea elevilor pentru perioada 2 &#8211; 12 iunie 2020. <a href=\"https:\/\/www.economicsibiu.ro\/wp-content\/uploads\/2020\/06\/ORAR-PREGATIRE-2-12-iunie.pdf\" target=\"_blank\" rel=\"noreferrer noopener\">aici<\/a><\/p>\n\n\n\n<p>Orar de func\u021bionare \u0219i regulament de respectat pe perioada preg\u0103tirilor cursurilor pentru examenul de bacalaureat 2020<strong> <\/strong><a href=\"https:\/\/www.economicsibiu.ro\/wp-content\/uploads\/2020\/06\/regulament.pdf\" target=\"_blank\" rel=\"noreferrer noopener\">aici<\/a><\/p>\n\n\n\n<p>Chestionar participare la preg\u0103tire. <a href=\"https:\/\/docs.google.com\/forms\/d\/e\/1FAIpQLSfVSm_FiOkou1sXKRfJEAex4q_zdzGDpLp6cshj-S2QyDrBRg\/viewform?vc=0&amp;c=0&amp;w=1\" target=\"_blank\" rel=\"noreferrer noopener\">aici<\/a><\/p>\n","protected":false},"excerpt":{"rendered":"<p>Dragi absolven\u021bi, Ne afl\u0103m la momentul \u00een care, voi absolven\u021bi ai promo\u021biei 2020, v\u0103 \u00eendrepta\u021bi cu repeziciune spre via\u021ba care &hellip; <\/p>\n","protected":false},"author":1,"featured_media":0,"parent":0,"menu_order":0,"comment_status":"closed","ping_status":"closed","template":"","meta":{"footnotes":""},"class_list":["post-68","page","type-page","status-publish","hentry"],"_links":{"self":[{"href":"https:\/\/www.economicsibiu.ro\/index.php?rest_route=\/wp\/v2\/pages\/68","targetHints":{"allow":["GET"]}}],"collection":[{"href":"https:\/\/www.economicsibiu.ro\/index.php?rest_route=\/wp\/v2\/pages"}],"about":[{"href":"https:\/\/www.economicsibiu.ro\/index.php?rest_route=\/wp\/v2\/types\/page"}],"author":[{"embeddable":true,"href":"https:\/\/www.economicsibiu.ro\/index.php?rest_route=\/wp\/v2\/users\/1"}],"replies":[{"embeddable":true,"href":"https:\/\/www.economicsibiu.ro\/index.php?rest_route=%2Fwp%2Fv2%2Fcomments&post=68"}],"version-history":[{"count":9,"href":"https:\/\/www.economicsibiu.ro\/index.php?rest_route=\/wp\/v2\/pages\/68\/revisions"}],"predecessor-version":[{"id":208,"href":"https:\/\/www.economicsibiu.ro\/index.php?rest_route=\/wp\/v2\/pages\/68\/revisions\/208"}],"wp:attachment":[{"href":"https:\/\/www.economicsibiu.ro\/index.php?rest_route=%2Fwp%2Fv2%2Fmedia&parent=68"}],"curies":[{"name":"wp","href":"https:\/\/api.w.org\/{rel}","templated":true}]}}